{"id":2811,"date":"2002-02-11T00:00:00","date_gmt":"2002-02-11T00:00:00","guid":{"rendered":"https:\/\/miners.rocks\/product\/malachit-in-oxidierter-schlacke\/"},"modified":"2020-05-19T17:02:10","modified_gmt":"2020-05-19T17:02:10","slug":"malachite-dans-les-scories-oxydees","status":"publish","type":"product","link":"https:\/\/westgem.shop\/fr\/produit\/malachite-dans-les-scories-oxydees\/","title":{"rendered":"Malachite en BOUCLE oxyd\u00e9e"},"content":{"rendered":"<p>MALCHITE en COUVERTURE ROCIALE oxyd\u00e9e<\/p>\n<p>localisation de la trouvaille : MARIA WAITSCHACH pr\u00e8s de H\u00fcttenberg - Carinthie<\/p>\n<p>Poids : 300 g Dimensions : 8 x 7 x 5 cm<\/p>\n<p>L'image 3 est la face inf\u00e9rieure<\/p>","protected":false},"excerpt":{"rendered":"<p>MALCHITE en COLLIER DE ROCHE oxyd\u00e9e Lieu de d\u00e9couverte : MARIA WAITSCHACH pr\u00e8s de H\u00fcttenberg - Carinthie Poids : 300 g Dimensions : 8 x 7 x 5 cm L'image 3 est la face inf\u00e9rieure<\/p>","protected":false},"featured_media":4564,"template":"","meta":{"_acf_changed":false},"region":[],"product_brand":[],"product_cat":[15],"product_tag":[],"class_list":{"0":"post-2811","1":"product","2":"type-product","3":"status-publish","4":"has-post-thumbnail","6":"product_cat-mineralien","8":"first","9":"outofstock","10":"sold-individually","11":"product-type-simple"},"acf":[],"_links":{"self":[{"href":"https:\/\/westgem.shop\/fr\/wp-json\/wp\/v2\/product\/2811","targetHints":{"allow":["GET"]}}],"collection":[{"href":"https:\/\/westgem.shop\/fr\/wp-json\/wp\/v2\/product"}],"about":[{"href":"https:\/\/westgem.shop\/fr\/wp-json\/wp\/v2\/types\/product"}],"wp:featuredmedia":[{"embeddable":true,"href":"https:\/\/westgem.shop\/fr\/wp-json\/wp\/v2\/media\/4564"}],"wp:attachment":[{"href":"https:\/\/westgem.shop\/fr\/wp-json\/wp\/v2\/media?parent=2811"}],"wp:term":[{"taxonomy":"region","embeddable":true,"href":"https:\/\/westgem.shop\/fr\/wp-json\/wp\/v2\/region?post=2811"},{"taxonomy":"product_brand","embeddable":true,"href":"https:\/\/westgem.shop\/fr\/wp-json\/wp\/v2\/product_brand?post=2811"},{"taxonomy":"product_cat","embeddable":true,"href":"https:\/\/westgem.shop\/fr\/wp-json\/wp\/v2\/product_cat?post=2811"},{"taxonomy":"product_tag","embeddable":true,"href":"https:\/\/westgem.shop\/fr\/wp-json\/wp\/v2\/product_tag?post=2811"}],"curies":[{"name":"wp","href":"https:\/\/api.w.org\/{rel}","templated":true}]}}