{"id":2812,"date":"2002-02-12T00:00:00","date_gmt":"2002-02-12T00:00:00","guid":{"rendered":"https:\/\/miners.rocks\/product\/erzmaus-in-siderit-xx-huettenberg\/"},"modified":"2020-05-19T17:02:10","modified_gmt":"2020-05-19T17:02:10","slug":"erzmaus-en-siderite-xx-huettenberg","status":"publish","type":"product","link":"https:\/\/westgem.shop\/fr\/produit\/erzmaus-en-siderite-xx-huettenberg\/","title":{"rendered":"\" ERZMAUS \" \u00e0 SIDERIT xx - H\u00dcTTENBERG"},"content":{"rendered":"<p>Tr\u00e8s rare \u00e0 voir !<\/p>\n<p>Soi-disant \" ERZMAUS \" , les mineurs d\u00e9signaient ainsi les inclusions d'\u0153ufs d'autres min\u00e9raux dans la SIDERITE\/ANKERITE EISENERZ...<\/p>\n<p>Dans cette pi\u00e8ce, une inclusion typique de CALCITES blanches et \u00e9paisses dans du SIDERITE - SPATE DE FER massif - mais \u00e0 l'ext\u00e9rieur, on voit aussi de tr\u00e8s nombreux cristaux de SIDERITE xx avec des faces terminales.<\/p>\n<p>Extraction de minerais \u00e0 H\u00fcttenberg - Carinthie<\/p>\n<p>Poids : 780 g Dimensions : 10 x 8 x 7 cm La \"ERZMAUS\" mesure 6,5 cm de long et 4 cm de large.<\/p>\n<p>Pi\u00e8ce exceptionnelle qui n'a certainement pas encore \u00e9t\u00e9 vue par beaucoup de collectionneurs.<\/p>","protected":false},"excerpt":{"rendered":"<p>Tr\u00e8s rare \u00e0 voir ! Les mineurs d\u00e9signaient par ce terme les inclusions d'autres min\u00e9raux dans la SIDERITE\/ANKERIT EISENERZ. Dans cette pi\u00e8ce, il s'agit d'une inclusion typique de CALCITE blanche et \u00e9paisse dans le SID\u00c9RITE - SPATE DE FER massif - mais \u00e0 l'ext\u00e9rieur, on voit aussi de tr\u00e8s nombreux cristaux de SID\u00c9RITE xx avec des faces terminales. Mine de minerai H\u00fcttenberg - Carinthie Poids : [...].<\/p>","protected":false},"featured_media":4568,"template":"","meta":{"_acf_changed":false},"region":[],"product_brand":[],"product_cat":[15],"product_tag":[],"class_list":{"0":"post-2812","1":"product","2":"type-product","3":"status-publish","4":"has-post-thumbnail","6":"product_cat-mineralien","8":"first","9":"outofstock","10":"sold-individually","11":"product-type-simple"},"acf":[],"_links":{"self":[{"href":"https:\/\/westgem.shop\/fr\/wp-json\/wp\/v2\/product\/2812","targetHints":{"allow":["GET"]}}],"collection":[{"href":"https:\/\/westgem.shop\/fr\/wp-json\/wp\/v2\/product"}],"about":[{"href":"https:\/\/westgem.shop\/fr\/wp-json\/wp\/v2\/types\/product"}],"wp:featuredmedia":[{"embeddable":true,"href":"https:\/\/westgem.shop\/fr\/wp-json\/wp\/v2\/media\/4568"}],"wp:attachment":[{"href":"https:\/\/westgem.shop\/fr\/wp-json\/wp\/v2\/media?parent=2812"}],"wp:term":[{"taxonomy":"region","embeddable":true,"href":"https:\/\/westgem.shop\/fr\/wp-json\/wp\/v2\/region?post=2812"},{"taxonomy":"product_brand","embeddable":true,"href":"https:\/\/westgem.shop\/fr\/wp-json\/wp\/v2\/product_brand?post=2812"},{"taxonomy":"product_cat","embeddable":true,"href":"https:\/\/westgem.shop\/fr\/wp-json\/wp\/v2\/product_cat?post=2812"},{"taxonomy":"product_tag","embeddable":true,"href":"https:\/\/westgem.shop\/fr\/wp-json\/wp\/v2\/product_tag?post=2812"}],"curies":[{"name":"wp","href":"https:\/\/api.w.org\/{rel}","templated":true}]}}