{"id":2813,"date":"2002-02-13T00:00:00","date_gmt":"2002-02-13T00:00:00","guid":{"rendered":"https:\/\/miners.rocks\/product\/loellinger-granat-x\/"},"modified":"2020-05-19T17:02:11","modified_gmt":"2020-05-19T17:02:11","slug":"grenat-de-loellinger-x","status":"publish","type":"product","link":"https:\/\/westgem.shop\/fr\/produit\/grenat-de-loellinger-x\/","title":{"rendered":"GRANAT DE L\u00d6LLINGER x"},"content":{"rendered":"<p>Depuis le site connu .<\/p>\n<p>2 g\u00e9n\u00e9rations d'ALAMANDIN GRANAT avec CHLORITMANTEL.<\/p>\n<p>D\u00e9coupe d'un seul c\u00f4t\u00e9 .<\/p>\n<p>localisation de la trouvaille : Unterer Grabner - L\u00f6LLING<\/p>\n<p>Poids : 70 g Dimensions : 4 x 3,5 x 3 cm<\/p>","protected":false},"excerpt":{"rendered":"<p>A partir du site connu . 2 g\u00e9n\u00e9rations de GRANAT D'ALAMANDINE avec MANTEL DE CHLORITE . D\u00e9coup\u00e9 sur une face . Lieu de d\u00e9couverte : Unterer Grabner - L\u00f6LLING Poids : 70 g Dimensions : 4 x 3,5 x 3 cm<\/p>","protected":false},"featured_media":4572,"template":"","meta":{"_acf_changed":false},"region":[],"product_brand":[],"product_cat":[15],"product_tag":[],"class_list":{"0":"post-2813","1":"product","2":"type-product","3":"status-publish","4":"has-post-thumbnail","6":"product_cat-mineralien","8":"first","9":"outofstock","10":"sold-individually","11":"product-type-simple"},"acf":[],"_links":{"self":[{"href":"https:\/\/westgem.shop\/fr\/wp-json\/wp\/v2\/product\/2813","targetHints":{"allow":["GET"]}}],"collection":[{"href":"https:\/\/westgem.shop\/fr\/wp-json\/wp\/v2\/product"}],"about":[{"href":"https:\/\/westgem.shop\/fr\/wp-json\/wp\/v2\/types\/product"}],"wp:featuredmedia":[{"embeddable":true,"href":"https:\/\/westgem.shop\/fr\/wp-json\/wp\/v2\/media\/4572"}],"wp:attachment":[{"href":"https:\/\/westgem.shop\/fr\/wp-json\/wp\/v2\/media?parent=2813"}],"wp:term":[{"taxonomy":"region","embeddable":true,"href":"https:\/\/westgem.shop\/fr\/wp-json\/wp\/v2\/region?post=2813"},{"taxonomy":"product_brand","embeddable":true,"href":"https:\/\/westgem.shop\/fr\/wp-json\/wp\/v2\/product_brand?post=2813"},{"taxonomy":"product_cat","embeddable":true,"href":"https:\/\/westgem.shop\/fr\/wp-json\/wp\/v2\/product_cat?post=2813"},{"taxonomy":"product_tag","embeddable":true,"href":"https:\/\/westgem.shop\/fr\/wp-json\/wp\/v2\/product_tag?post=2813"}],"curies":[{"name":"wp","href":"https:\/\/api.w.org\/{rel}","templated":true}]}}