{"id":2815,"date":"2002-02-15T00:00:00","date_gmt":"2002-02-15T00:00:00","guid":{"rendered":"https:\/\/miners.rocks\/product\/apophyllit-xx-auf-basalt\/"},"modified":"2020-05-19T17:02:12","modified_gmt":"2020-05-19T17:02:12","slug":"apophyllite-xx-sur-basalte","status":"publish","type":"product","link":"https:\/\/westgem.shop\/fr\/produit\/apophyllite-xx-sur-basalte\/","title":{"rendered":"APOPHYLLIT xx sur BASALT"},"content":{"rendered":"<p>L'APOPHYLITE est un min\u00e9ral du groupe AMPHIBOL.<\/p>\n<p>Ces APOPHYLLITE sont trouv\u00e9es dans les zones de perturbation du DEKKAN TRAP g\u00e9ant en Inde occidentale.<\/p>\n<p>Certains scientifiques attribuent la responsabilit\u00e9 de l'extinction des dinosaures \u00e0 d'\u00e9normes coul\u00e9es de lave qui se sont produites il y a 66 millions d'ann\u00e9es et qui ont dur\u00e9 plus d'un million d'ann\u00e9es, car la quantit\u00e9 incroyable de CO2 a modifi\u00e9 de fa\u00e7on spectaculaire le climat de la Terre et a entra\u00een\u00e9 l'extinction de tous les animaux plus grands qu'un chat actuel.<\/p>\n<p>Le plafond BASALT LAVA a encore aujourd'hui des dimensions gigantesques de plus de 200.000 KM2 et \u00e9tait \u00e0 l'origine encore 10 fois plus grand.<\/p>\n<p>\u00c9tape APOPHYLLIT avec un tr\u00e8s gros cristal sur BASALT<\/p>\n<p>Poids : 390 g Dimensions : 10 x 9 x 7 cm<\/p>","protected":false},"excerpt":{"rendered":"<p>L'APOPHYLLITE est un min\u00e9ral du groupe AMPHIBOL. L'APOPHYLLITE se trouve dans les zones de perturbation du DEKKAN TRAP g\u00e9ant en Inde occidentale. D'\u00e9normes coul\u00e9es de lave qui ont dur\u00e9 plus d'un million d'ann\u00e9es, il y a 66 millions d'ann\u00e9es, sont consid\u00e9r\u00e9es par certains scientifiques comme responsables de l'extinction des dinosaures, car la quantit\u00e9 incroyable de CO2 [...].<\/p>","protected":false},"featured_media":4578,"template":"","meta":{"_acf_changed":false},"region":[],"product_brand":[],"product_cat":[15],"product_tag":[],"class_list":{"0":"post-2815","1":"product","2":"type-product","3":"status-publish","4":"has-post-thumbnail","6":"product_cat-mineralien","8":"first","9":"outofstock","10":"sold-individually","11":"product-type-simple"},"acf":[],"_links":{"self":[{"href":"https:\/\/westgem.shop\/fr\/wp-json\/wp\/v2\/product\/2815","targetHints":{"allow":["GET"]}}],"collection":[{"href":"https:\/\/westgem.shop\/fr\/wp-json\/wp\/v2\/product"}],"about":[{"href":"https:\/\/westgem.shop\/fr\/wp-json\/wp\/v2\/types\/product"}],"wp:featuredmedia":[{"embeddable":true,"href":"https:\/\/westgem.shop\/fr\/wp-json\/wp\/v2\/media\/4578"}],"wp:attachment":[{"href":"https:\/\/westgem.shop\/fr\/wp-json\/wp\/v2\/media?parent=2815"}],"wp:term":[{"taxonomy":"region","embeddable":true,"href":"https:\/\/westgem.shop\/fr\/wp-json\/wp\/v2\/region?post=2815"},{"taxonomy":"product_brand","embeddable":true,"href":"https:\/\/westgem.shop\/fr\/wp-json\/wp\/v2\/product_brand?post=2815"},{"taxonomy":"product_cat","embeddable":true,"href":"https:\/\/westgem.shop\/fr\/wp-json\/wp\/v2\/product_cat?post=2815"},{"taxonomy":"product_tag","embeddable":true,"href":"https:\/\/westgem.shop\/fr\/wp-json\/wp\/v2\/product_tag?post=2815"}],"curies":[{"name":"wp","href":"https:\/\/api.w.org\/{rel}","templated":true}]}}