{"id":2816,"date":"2002-02-16T00:00:00","date_gmt":"2002-02-16T00:00:00","guid":{"rendered":"https:\/\/miners.rocks\/product\/hessonit-granat-xx-koralpe\/"},"modified":"2020-05-19T17:02:12","modified_gmt":"2020-05-19T17:02:12","slug":"hessonite-grenat-xx-coralpe","status":"publish","type":"product","link":"https:\/\/westgem.shop\/fr\/produit\/hessonite-grenat-xx-coralpe\/","title":{"rendered":"HESSONITE GRANAT xx - CORALPE"},"content":{"rendered":"<p>HESSONITE GRANAT xx du site de l'OCHSENRIEGEL sur le KORALPE en Carinthie orientale.<\/p>\n<p>L'HESSONITE est l'une des nombreuses vari\u00e9t\u00e9s de GRANAT - \u00e0 la diff\u00e9rence des grenats ALMANDIN de couleur rouge-brun, une grande partie des ions fer est remplac\u00e9e par des ions MANGAN, d'o\u00f9 la couleur orange.<\/p>\n<p>Les HESSONITES taill\u00e9es en qualit\u00e9 de pierres pr\u00e9cieuses sont \u00e9galement appel\u00e9es \" GRANITS MANDARINS \".<\/p>\n<\/p>\n<p>Ce site est malheureusement d\u00e9j\u00e0 tr\u00e8s prospect\u00e9 et il faut un brin de chance pour trouver encore quelques pi\u00e8ces utilisables.<\/p>\n<\/p>\n<p>Sur cette marche, plusieurs HESSONITE tr\u00e8s brillantes jusqu'\u00e0 0,7 cm de c\u00f4t\u00e9<\/p>\n<\/p>\n<p>Poids : 600 g Dimensions : 10 x 7 x 7 cm<\/p>","protected":false},"excerpt":{"rendered":"<p>HESSONITE GRANAT xx du site d'OCHSENRIEGEL sur le KORALPE dans l'est de la Carinthie. L'HESSONITE est l'une des nombreuses vari\u00e9t\u00e9s de GRANAT - \u00e0 la diff\u00e9rence des grenats ALMANDIN de couleur rouge-brun, une grande partie des ions fer est remplac\u00e9e par des ions MANGAN, d'o\u00f9 sa couleur orange. Les HESSONITES taill\u00e9es en qualit\u00e9 de pierres pr\u00e9cieuses sont \u00e9galement appel\u00e9es \"GRANITS MANDARINS\".<\/p>","protected":false},"featured_media":4581,"template":"","meta":{"_acf_changed":false},"region":[],"product_brand":[],"product_cat":[15],"product_tag":[],"class_list":{"0":"post-2816","1":"product","2":"type-product","3":"status-publish","4":"has-post-thumbnail","6":"product_cat-mineralien","8":"first","9":"outofstock","10":"sold-individually","11":"product-type-simple"},"acf":[],"_links":{"self":[{"href":"https:\/\/westgem.shop\/fr\/wp-json\/wp\/v2\/product\/2816","targetHints":{"allow":["GET"]}}],"collection":[{"href":"https:\/\/westgem.shop\/fr\/wp-json\/wp\/v2\/product"}],"about":[{"href":"https:\/\/westgem.shop\/fr\/wp-json\/wp\/v2\/types\/product"}],"wp:featuredmedia":[{"embeddable":true,"href":"https:\/\/westgem.shop\/fr\/wp-json\/wp\/v2\/media\/4581"}],"wp:attachment":[{"href":"https:\/\/westgem.shop\/fr\/wp-json\/wp\/v2\/media?parent=2816"}],"wp:term":[{"taxonomy":"region","embeddable":true,"href":"https:\/\/westgem.shop\/fr\/wp-json\/wp\/v2\/region?post=2816"},{"taxonomy":"product_brand","embeddable":true,"href":"https:\/\/westgem.shop\/fr\/wp-json\/wp\/v2\/product_brand?post=2816"},{"taxonomy":"product_cat","embeddable":true,"href":"https:\/\/westgem.shop\/fr\/wp-json\/wp\/v2\/product_cat?post=2816"},{"taxonomy":"product_tag","embeddable":true,"href":"https:\/\/westgem.shop\/fr\/wp-json\/wp\/v2\/product_tag?post=2816"}],"curies":[{"name":"wp","href":"https:\/\/api.w.org\/{rel}","templated":true}]}}