{"id":2817,"date":"2021-09-17T00:00:00","date_gmt":"2021-09-17T00:00:00","guid":{"rendered":"https:\/\/miners.rocks\/product\/hoch-alpin-bergkristall-xx\/"},"modified":"2024-02-03T07:50:10","modified_gmt":"2024-02-03T07:50:10","slug":"haut-alpin-cristal-de-roche-xx","status":"publish","type":"product","link":"https:\/\/westgem.shop\/fr\/produit\/haut-alpin-cristal-de-roche-xx\/","title":{"rendered":"HAUT ALPIN CRISTAL DE MONTAGNE xx"},"content":{"rendered":"<p><u>Exemple parfait d'une <strong>Paragen\u00e8se min\u00e9rale HOCHALPINE.<\/strong><\/u><\/p>\n<p><strong>CRISTAL DE MONTAGNE, clair et propre - saupoudr\u00e9 de CHLORITE verte et noire<\/strong> La surface des cristaux est la m\u00eame que celle de l'eau, \u00e0 l'exception des faces terminales des cristaux.<\/p>\n<p>Le grand cluster de cristaux se dresse comme une couronne sur de la CALCITE blanche et feuillet\u00e9e, encadr\u00e9e tout autour par de la CHLORITE xx sur une roche m\u00e8re massive. Entre les interstices des cristaux de CALCITE se trouvent encore de nombreux petits CRISTAL DE MONTAGNE xx et un CRISTAL DE MONTAGNE de 4 cm de long s'est d\u00e9velopp\u00e9 lat\u00e9ralement \u00e0 l'arri\u00e8re des marches.<\/p>\n<p>Tr\u00e8s authentique niveau cristallin HOCHALPIN - trouv\u00e9 en 1973 sur le<strong> HAFNERKAMM \u00e0 c\u00f4t\u00e9 de SCHOBER EISIG (2.967m)<\/strong> dans les<strong> HOHEN TAUERN. - Carinthie - Autriche<\/strong><\/p>\n<p>inutile de pr\u00e9ciser que normalement, de telles marches ne sont PLUS disponibles sur le march\u00e9 .<\/p>\n<p>Poids de la marche :<strong> 2,8 kilogrammes<\/strong><\/p>\n<p>Dimensions : 22 x 19 x 13 cm xx \u00e0 6 cm<\/p>\n<p>Une image montre le dessous des marches.<\/p>","protected":false},"excerpt":{"rendered":"<p>Exemple parfait d'une paragen\u00e8se min\u00e9rale HAUTEMENT ALPINE. CRISTALLE DE MONTAGNE, clair et propre - saupoudr\u00e9 de CHLORITE verte et noire, jusqu'aux extr\u00e9mit\u00e9s des cristaux. Le grand amas de cristaux se dresse comme une couronne sur de la CALCITE blanche et feuillet\u00e9e, encadr\u00e9e tout autour par de la CHLORITE xx sur une roche m\u00e8re massive. Entre les interstices des cristaux de CALCIT, il y a encore de nombreux petits CRISTAL DE MONTAGNE xx et, sur la face arri\u00e8re des marches, [...].<\/p>","protected":false},"featured_media":4585,"template":"","meta":{"_acf_changed":false},"region":[59],"product_brand":[],"product_cat":[22,19],"product_tag":[],"class_list":{"0":"post-2817","1":"product","2":"type-product","3":"status-publish","4":"has-post-thumbnail","6":"region-oesterreich","7":"product_cat-allgemein","8":"product_cat-kristallstufen","10":"first","11":"outofstock","12":"sold-individually","13":"product-type-simple"},"acf":[],"_links":{"self":[{"href":"https:\/\/westgem.shop\/fr\/wp-json\/wp\/v2\/product\/2817","targetHints":{"allow":["GET"]}}],"collection":[{"href":"https:\/\/westgem.shop\/fr\/wp-json\/wp\/v2\/product"}],"about":[{"href":"https:\/\/westgem.shop\/fr\/wp-json\/wp\/v2\/types\/product"}],"wp:featuredmedia":[{"embeddable":true,"href":"https:\/\/westgem.shop\/fr\/wp-json\/wp\/v2\/media\/4585"}],"wp:attachment":[{"href":"https:\/\/westgem.shop\/fr\/wp-json\/wp\/v2\/media?parent=2817"}],"wp:term":[{"taxonomy":"region","embeddable":true,"href":"https:\/\/westgem.shop\/fr\/wp-json\/wp\/v2\/region?post=2817"},{"taxonomy":"product_brand","embeddable":true,"href":"https:\/\/westgem.shop\/fr\/wp-json\/wp\/v2\/product_brand?post=2817"},{"taxonomy":"product_cat","embeddable":true,"href":"https:\/\/westgem.shop\/fr\/wp-json\/wp\/v2\/product_cat?post=2817"},{"taxonomy":"product_tag","embeddable":true,"href":"https:\/\/westgem.shop\/fr\/wp-json\/wp\/v2\/product_tag?post=2817"}],"curies":[{"name":"wp","href":"https:\/\/api.w.org\/{rel}","templated":true}]}}