{"id":2818,"date":"2002-02-18T00:00:00","date_gmt":"2002-02-18T00:00:00","guid":{"rendered":"https:\/\/miners.rocks\/product\/knightia-fossiler-fisch\/"},"modified":"2020-05-19T17:02:13","modified_gmt":"2020-05-19T17:02:13","slug":"knightia-poisson-fossile","status":"publish","type":"product","link":"https:\/\/westgem.shop\/fr\/produit\/knightia-poisson-fossile\/","title":{"rendered":"\"KNIGHTIA\" POISSON FOSSILE"},"content":{"rendered":"<p>R\u00c9SERV\u00c9 :<\/p>\n<p>Poisson d'os fossilis\u00e9 de premi\u00e8re qualit\u00e9 - KNIGHTIA<\/p>\n<p>environ 55 millions d'ann\u00e9es - ORIGINAL FOSSIL !<\/p>\n<p>GREEN RIVER - WYOMING - USA<\/p>\n<p>Poids : 0,95 kilogramme = 950 g Dimensions : 18 x 13 x 2,5 cm poisson = 12 cm de long !<\/p>","protected":false},"excerpt":{"rendered":"<p>RESERVE : Poisson d'os fossilis\u00e9 de premi\u00e8re qualit\u00e9 - KNIGHTIA environ 55 millions d'ann\u00e9es - ORIGINAL FOSSIL ! GREEN RIVER - WYOMING - USA Poids : 0,95 kilogramme = 950 g Dimensions : 18 x 13 x 2,5 cm Poisson = 12 cm de long !<\/p>","protected":false},"featured_media":4591,"template":"","meta":{"_acf_changed":false},"region":[],"product_brand":[],"product_cat":[15],"product_tag":[],"class_list":{"0":"post-2818","1":"product","2":"type-product","3":"status-publish","4":"has-post-thumbnail","6":"product_cat-mineralien","8":"first","9":"outofstock","10":"sold-individually","11":"product-type-simple"},"acf":[],"_links":{"self":[{"href":"https:\/\/westgem.shop\/fr\/wp-json\/wp\/v2\/product\/2818","targetHints":{"allow":["GET"]}}],"collection":[{"href":"https:\/\/westgem.shop\/fr\/wp-json\/wp\/v2\/product"}],"about":[{"href":"https:\/\/westgem.shop\/fr\/wp-json\/wp\/v2\/types\/product"}],"wp:featuredmedia":[{"embeddable":true,"href":"https:\/\/westgem.shop\/fr\/wp-json\/wp\/v2\/media\/4591"}],"wp:attachment":[{"href":"https:\/\/westgem.shop\/fr\/wp-json\/wp\/v2\/media?parent=2818"}],"wp:term":[{"taxonomy":"region","embeddable":true,"href":"https:\/\/westgem.shop\/fr\/wp-json\/wp\/v2\/region?post=2818"},{"taxonomy":"product_brand","embeddable":true,"href":"https:\/\/westgem.shop\/fr\/wp-json\/wp\/v2\/product_brand?post=2818"},{"taxonomy":"product_cat","embeddable":true,"href":"https:\/\/westgem.shop\/fr\/wp-json\/wp\/v2\/product_cat?post=2818"},{"taxonomy":"product_tag","embeddable":true,"href":"https:\/\/westgem.shop\/fr\/wp-json\/wp\/v2\/product_tag?post=2818"}],"curies":[{"name":"wp","href":"https:\/\/api.w.org\/{rel}","templated":true}]}}