{"id":2819,"date":"2002-02-19T00:00:00","date_gmt":"2002-02-19T00:00:00","guid":{"rendered":"https:\/\/miners.rocks\/product\/versteinerte-fische-wyoming-2\/"},"modified":"2020-05-19T17:02:15","modified_gmt":"2020-05-19T17:02:15","slug":"poissons-fossilises-wyoming-2","status":"publish","type":"product","link":"https:\/\/westgem.shop\/fr\/produit\/poissons-fossilises-wyoming-2\/","title":{"rendered":"POISSONS FOSSILIS\u00c9S - WYOMING"},"content":{"rendered":"<p>Plaque originale tr\u00e8s d\u00e9corative avec 2 POISSONS SILENCIEUX<\/p>\n<p>POISSONS-\u00c9PONGES \u00c0 OS - KNIGHTIA <\/p>\n<p>environ 55 millions d'ann\u00e9es<\/p>\n<p>localisation de la trouvaille : GREEN RIVER - WYOMING - USA<\/p>\n<p>Poids : 820 g Dimensions : 18 x 12 x 2 cm<\/p>","protected":false},"excerpt":{"rendered":"<p>Plaque originale tr\u00e8s d\u00e9corative avec 2 POISSONS FONCTIONN\u00c9S POISSONS NOIRS - KNIGHTIA env. 55 millions d'ann\u00e9es Lieu de d\u00e9couverte : GREEN RIVER - WYOMING - USA Poids : 820 g Dimensions : 18 x 12 x 2 cm<\/p>","protected":false},"featured_media":4594,"template":"","meta":{"_acf_changed":false},"region":[],"product_brand":[],"product_cat":[15],"product_tag":[],"class_list":{"0":"post-2819","1":"product","2":"type-product","3":"status-publish","4":"has-post-thumbnail","6":"product_cat-mineralien","8":"first","9":"outofstock","10":"sold-individually","11":"product-type-simple"},"acf":[],"_links":{"self":[{"href":"https:\/\/westgem.shop\/fr\/wp-json\/wp\/v2\/product\/2819","targetHints":{"allow":["GET"]}}],"collection":[{"href":"https:\/\/westgem.shop\/fr\/wp-json\/wp\/v2\/product"}],"about":[{"href":"https:\/\/westgem.shop\/fr\/wp-json\/wp\/v2\/types\/product"}],"wp:featuredmedia":[{"embeddable":true,"href":"https:\/\/westgem.shop\/fr\/wp-json\/wp\/v2\/media\/4594"}],"wp:attachment":[{"href":"https:\/\/westgem.shop\/fr\/wp-json\/wp\/v2\/media?parent=2819"}],"wp:term":[{"taxonomy":"region","embeddable":true,"href":"https:\/\/westgem.shop\/fr\/wp-json\/wp\/v2\/region?post=2819"},{"taxonomy":"product_brand","embeddable":true,"href":"https:\/\/westgem.shop\/fr\/wp-json\/wp\/v2\/product_brand?post=2819"},{"taxonomy":"product_cat","embeddable":true,"href":"https:\/\/westgem.shop\/fr\/wp-json\/wp\/v2\/product_cat?post=2819"},{"taxonomy":"product_tag","embeddable":true,"href":"https:\/\/westgem.shop\/fr\/wp-json\/wp\/v2\/product_tag?post=2819"}],"curies":[{"name":"wp","href":"https:\/\/api.w.org\/{rel}","templated":true}]}}