{"id":2821,"date":"2002-02-21T00:00:00","date_gmt":"2002-02-21T00:00:00","guid":{"rendered":"https:\/\/miners.rocks\/product\/ur-hai-zahn-in-original-matrix\/"},"modified":"2020-05-19T17:02:16","modified_gmt":"2020-05-19T17:02:16","slug":"dent-de-requin-ur-en-matrice-originale","status":"publish","type":"product","link":"https:\/\/westgem.shop\/fr\/produit\/dent-de-requin-ur-en-matrice-originale\/","title":{"rendered":"UR HAI ZAHN dans ORIGINAL MATRIX"},"content":{"rendered":"<p>ORIGINAL FOSSILE !<\/p>\n<p>Dent d'un UR HAI - Lat. OTODUS OBLIQUS<\/p>\n<p>dans la matrice de phosphate originale de la station<\/p>\n<p>\u00c2ge de la Terre - EOZ\u00e4N il y a environ 60 millions d'ann\u00e9es<\/p>\n<p>Poids : 350 g Dimensions : 13 x 12 x 4 cm<\/p>\n<p>localisation de la trouvaille : Plateau de phosphate - SAHARA OCCIDENTAL - Afrique du Nord<\/p>\n<p>L'image 3 est le verso de la matrice avec d'autres restes de fossiles .<\/p>","protected":false},"excerpt":{"rendered":"<p>FOSSILE ORIGINAL ! Dent d'un UR HAI - Lat. OTODUS OBLIQUS dans une matrice originale de phosphate du site Age de la terre - EOZ\u00e4N il y a environ 60 millions d'ann\u00e9es Poids : 350 g Dimensions : 13 x 12 x 4 cm Lieu de d\u00e9couverte : Plateau de phosphate - SAHARA OCCIDENTAL - Afrique du Nord La photo 3 est le verso de la matrice avec d'autres restes de fossiles .<\/p>","protected":false},"featured_media":4601,"template":"","meta":{"_acf_changed":false},"region":[],"product_brand":[],"product_cat":[15],"product_tag":[],"class_list":{"0":"post-2821","1":"product","2":"type-product","3":"status-publish","4":"has-post-thumbnail","6":"product_cat-mineralien","8":"first","9":"outofstock","10":"sold-individually","11":"product-type-simple"},"acf":[],"_links":{"self":[{"href":"https:\/\/westgem.shop\/fr\/wp-json\/wp\/v2\/product\/2821","targetHints":{"allow":["GET"]}}],"collection":[{"href":"https:\/\/westgem.shop\/fr\/wp-json\/wp\/v2\/product"}],"about":[{"href":"https:\/\/westgem.shop\/fr\/wp-json\/wp\/v2\/types\/product"}],"wp:featuredmedia":[{"embeddable":true,"href":"https:\/\/westgem.shop\/fr\/wp-json\/wp\/v2\/media\/4601"}],"wp:attachment":[{"href":"https:\/\/westgem.shop\/fr\/wp-json\/wp\/v2\/media?parent=2821"}],"wp:term":[{"taxonomy":"region","embeddable":true,"href":"https:\/\/westgem.shop\/fr\/wp-json\/wp\/v2\/region?post=2821"},{"taxonomy":"product_brand","embeddable":true,"href":"https:\/\/westgem.shop\/fr\/wp-json\/wp\/v2\/product_brand?post=2821"},{"taxonomy":"product_cat","embeddable":true,"href":"https:\/\/westgem.shop\/fr\/wp-json\/wp\/v2\/product_cat?post=2821"},{"taxonomy":"product_tag","embeddable":true,"href":"https:\/\/westgem.shop\/fr\/wp-json\/wp\/v2\/product_tag?post=2821"}],"curies":[{"name":"wp","href":"https:\/\/api.w.org\/{rel}","templated":true}]}}