{"id":2823,"date":"2002-02-23T00:00:00","date_gmt":"2002-02-23T00:00:00","guid":{"rendered":"https:\/\/miners.rocks\/product\/versteinerter-fisch-usa\/"},"modified":"2020-05-19T17:02:17","modified_gmt":"2020-05-19T17:02:17","slug":"poisson-petrifie-usa","status":"publish","type":"product","link":"https:\/\/westgem.shop\/fr\/produit\/poisson-petrifie-usa\/","title":{"rendered":"POISSON P\u00c9TRIFI\u00c9 - USA"},"content":{"rendered":"<p>ORIGINAL FOSSIL !<\/p>\n<p>Os fossilis\u00e9 Banc de poissons Genre : KNIGHTIA<\/p>\n<p>\u00e2ge env. 55 millions d'ann\u00e9es<\/p>\n<p>localisation de la trouvaille : GREEN RIVER - WYOMING - USA<\/p>\n<p>Poids : 230 g Dimensions : 13,5 x 9 x 1,5 cm Le poisson est long de 8,5 cm<\/p>","protected":false},"excerpt":{"rendered":"<p>FOSSILE ORIGINAL ! Os fossilis\u00e9 Banc de poissons Genre : KNIGHTIA \u00c2ge : env. 55 millions d'ann\u00e9es Lieu de d\u00e9couverte : GREEN RIVER - WYOMING - USA Poids : 230 g Dimensions : 13,5 x 9 x 1,5 cm Le poisson mesure 8,5 cm de long<\/p>","protected":false},"featured_media":4608,"template":"","meta":{"_acf_changed":false},"region":[],"product_brand":[],"product_cat":[15],"product_tag":[],"class_list":{"0":"post-2823","1":"product","2":"type-product","3":"status-publish","4":"has-post-thumbnail","6":"product_cat-mineralien","8":"first","9":"outofstock","10":"sold-individually","11":"product-type-simple"},"acf":[],"_links":{"self":[{"href":"https:\/\/westgem.shop\/fr\/wp-json\/wp\/v2\/product\/2823","targetHints":{"allow":["GET"]}}],"collection":[{"href":"https:\/\/westgem.shop\/fr\/wp-json\/wp\/v2\/product"}],"about":[{"href":"https:\/\/westgem.shop\/fr\/wp-json\/wp\/v2\/types\/product"}],"wp:featuredmedia":[{"embeddable":true,"href":"https:\/\/westgem.shop\/fr\/wp-json\/wp\/v2\/media\/4608"}],"wp:attachment":[{"href":"https:\/\/westgem.shop\/fr\/wp-json\/wp\/v2\/media?parent=2823"}],"wp:term":[{"taxonomy":"region","embeddable":true,"href":"https:\/\/westgem.shop\/fr\/wp-json\/wp\/v2\/region?post=2823"},{"taxonomy":"product_brand","embeddable":true,"href":"https:\/\/westgem.shop\/fr\/wp-json\/wp\/v2\/product_brand?post=2823"},{"taxonomy":"product_cat","embeddable":true,"href":"https:\/\/westgem.shop\/fr\/wp-json\/wp\/v2\/product_cat?post=2823"},{"taxonomy":"product_tag","embeddable":true,"href":"https:\/\/westgem.shop\/fr\/wp-json\/wp\/v2\/product_tag?post=2823"}],"curies":[{"name":"wp","href":"https:\/\/api.w.org\/{rel}","templated":true}]}}