{"id":2824,"date":"2002-02-24T00:00:00","date_gmt":"2002-02-24T00:00:00","guid":{"rendered":"https:\/\/miners.rocks\/product\/bergkristall-hohe-tauern\/"},"modified":"2020-05-19T17:02:18","modified_gmt":"2020-05-19T17:02:18","slug":"cristal-de-roche-du-hohe-tauern","status":"publish","type":"product","link":"https:\/\/westgem.shop\/fr\/produit\/cristal-de-roche-du-hohe-tauern\/","title":{"rendered":"CRISTAL DE ROCHE - HOHE TAUERN"},"content":{"rendered":"<p>CRISTAL DE MONTAGNE individuel - \u00e0 ventre \u00e9pais, avec des faces de cristal tr\u00e8s brillantes .<\/p>\n<p>localisation de la trouvaille : SANDKOPF ( 3 090 m ) - GROUPE GOLDBERG<\/p>\n<p>HAUTES ROCHES<\/p>\n<p>Poids : 170 g Dimensions : 7 cm de haut 5,5 cm de large<\/p>","protected":false},"excerpt":{"rendered":"<p>CRISTAL DE MONTAGNE seul - \u00e0 ventre \u00e9pais, avec des faces cristallines tr\u00e8s brillantes . Lieu de d\u00e9couverte : SANDKOPF ( 3.090 m ) - GROUPE GOLDBERG GROUPPE HOHE TAUERN Poids : 170 g Dimensions : 7 cm de haut 5,5 cm de large<\/p>","protected":false},"featured_media":4611,"template":"","meta":{"_acf_changed":false},"region":[],"product_brand":[],"product_cat":[15],"product_tag":[],"class_list":{"0":"post-2824","1":"product","2":"type-product","3":"status-publish","4":"has-post-thumbnail","6":"product_cat-mineralien","8":"first","9":"outofstock","10":"sold-individually","11":"product-type-simple"},"acf":[],"_links":{"self":[{"href":"https:\/\/westgem.shop\/fr\/wp-json\/wp\/v2\/product\/2824","targetHints":{"allow":["GET"]}}],"collection":[{"href":"https:\/\/westgem.shop\/fr\/wp-json\/wp\/v2\/product"}],"about":[{"href":"https:\/\/westgem.shop\/fr\/wp-json\/wp\/v2\/types\/product"}],"wp:featuredmedia":[{"embeddable":true,"href":"https:\/\/westgem.shop\/fr\/wp-json\/wp\/v2\/media\/4611"}],"wp:attachment":[{"href":"https:\/\/westgem.shop\/fr\/wp-json\/wp\/v2\/media?parent=2824"}],"wp:term":[{"taxonomy":"region","embeddable":true,"href":"https:\/\/westgem.shop\/fr\/wp-json\/wp\/v2\/region?post=2824"},{"taxonomy":"product_brand","embeddable":true,"href":"https:\/\/westgem.shop\/fr\/wp-json\/wp\/v2\/product_brand?post=2824"},{"taxonomy":"product_cat","embeddable":true,"href":"https:\/\/westgem.shop\/fr\/wp-json\/wp\/v2\/product_cat?post=2824"},{"taxonomy":"product_tag","embeddable":true,"href":"https:\/\/westgem.shop\/fr\/wp-json\/wp\/v2\/product_tag?post=2824"}],"curies":[{"name":"wp","href":"https:\/\/api.w.org\/{rel}","templated":true}]}}