{"id":2825,"date":"2002-02-25T00:00:00","date_gmt":"2002-02-25T00:00:00","guid":{"rendered":"https:\/\/miners.rocks\/product\/lazulith-1a-stufe-salzburg\/"},"modified":"2020-05-19T17:02:18","modified_gmt":"2020-05-19T17:02:18","slug":"lazulith-1a-stufe-salzburg","status":"publish","type":"product","link":"https:\/\/westgem.shop\/fr\/produit\/lazulith-1a-stufe-salzburg\/","title":{"rendered":"LAZULITH - Niveau 1A - SALZBURG"},"content":{"rendered":"<p>STUPE DE LAZULITH de premi\u00e8re classe - trouv\u00e9e dans le RAIDLGRABEN pr\u00e8s de WERFEN - SALZBOURG<\/p>\n<p>Les LAZULITHE de WERFEN sont bien connues des collectionneurs, mais elles proviennent g\u00e9n\u00e9ralement du H\u00f6LLGRABEN, et on ne voit pratiquement pas de LAZULITHE de qualit\u00e9 raisonnable du site sp\u00e9cial de RAIDLGRABEN.<\/p>\n<p>Le LAZULITH est un min\u00e9ral PHOSPHATE sp\u00e9cial compos\u00e9 d'ALUMINIUM - MAGNESIUM - PHOSPHATE - OXYG\u00c8NE et D'HYDROG\u00c8NE.<\/p>\n<p>Poids de cette belle et rare petite taille : 24 g <\/p>\n<p>Dimensions : 5 x 2,5 x 2,5 cm<\/p>","protected":false},"excerpt":{"rendered":"<p>LAZULITHE de premi\u00e8re qualit\u00e9 - trouv\u00e9e dans le RAIDLGRABEN pr\u00e8s de WERFEN - SALZBOURG Les LAZULITHES de WERFEN sont connues des collectionneurs, mais proviennent g\u00e9n\u00e9ralement du H\u00f6LLGRABEN, du site sp\u00e9cial du RAIDLGRABEN on ne voit pratiquement pas de LAZULITHE de qualit\u00e9 moyenne. La LAZULITE est un min\u00e9ral PHOSPHATE sp\u00e9cial compos\u00e9 d'ALUMINIUM - MAGNESIUM - PHOSPHATE [...].<\/p>","protected":false},"featured_media":4614,"template":"","meta":{"_acf_changed":false},"region":[],"product_brand":[],"product_cat":[15],"product_tag":[],"class_list":{"0":"post-2825","1":"product","2":"type-product","3":"status-publish","4":"has-post-thumbnail","6":"product_cat-mineralien","8":"first","9":"outofstock","10":"sold-individually","11":"product-type-simple"},"acf":[],"_links":{"self":[{"href":"https:\/\/westgem.shop\/fr\/wp-json\/wp\/v2\/product\/2825","targetHints":{"allow":["GET"]}}],"collection":[{"href":"https:\/\/westgem.shop\/fr\/wp-json\/wp\/v2\/product"}],"about":[{"href":"https:\/\/westgem.shop\/fr\/wp-json\/wp\/v2\/types\/product"}],"wp:featuredmedia":[{"embeddable":true,"href":"https:\/\/westgem.shop\/fr\/wp-json\/wp\/v2\/media\/4614"}],"wp:attachment":[{"href":"https:\/\/westgem.shop\/fr\/wp-json\/wp\/v2\/media?parent=2825"}],"wp:term":[{"taxonomy":"region","embeddable":true,"href":"https:\/\/westgem.shop\/fr\/wp-json\/wp\/v2\/region?post=2825"},{"taxonomy":"product_brand","embeddable":true,"href":"https:\/\/westgem.shop\/fr\/wp-json\/wp\/v2\/product_brand?post=2825"},{"taxonomy":"product_cat","embeddable":true,"href":"https:\/\/westgem.shop\/fr\/wp-json\/wp\/v2\/product_cat?post=2825"},{"taxonomy":"product_tag","embeddable":true,"href":"https:\/\/westgem.shop\/fr\/wp-json\/wp\/v2\/product_tag?post=2825"}],"curies":[{"name":"wp","href":"https:\/\/api.w.org\/{rel}","templated":true}]}}