{"id":2827,"date":"2002-02-27T00:00:00","date_gmt":"2002-02-27T00:00:00","guid":{"rendered":"https:\/\/miners.rocks\/product\/rauchquarz-stufe-himalaya\/"},"modified":"2020-05-19T17:02:19","modified_gmt":"2020-05-19T17:02:19","slug":"quartz-fume-niveau-himalaya","status":"publish","type":"product","link":"https:\/\/westgem.shop\/fr\/produit\/quartz-fume-niveau-himalaya\/","title":{"rendered":"Niveau de QUARTZ FUM\u00c9 - HIMALAYA"},"content":{"rendered":"<p>QUARTZ FUM\u00c9 xx avec TURMALINE NOIRE xx et AQUAMARINE dans la matrice PEGMATITE<\/p>\n<p>Cristaux de QUARTZ FUM\u00c9 - malheureusement un peu trouble - dans de la PEGMATITE TURMALINE noire avec MUSCOVIT xx , sur la face inf\u00e9rieure se trouve un fragment bleu cristallin d'une AQUAMARINE.<\/p>\n<p>Le lieu de d\u00e9couverte \u00e9tait (il y a d\u00e9j\u00e0 10 ans) la vall\u00e9e de Shigar dans le Karakorum - Pakistan - HIMALAYA<\/p>\n<p>Poids de la marche : 600 g Dimensions : 12 x 10 x 8 cm<\/p>\n<p>PRIX SPECIAL !<\/p>","protected":false},"excerpt":{"rendered":"<p>QUARTZ FUM\u00c9 xx avec TURMALINE noire xx et AQUAMARINE dans matrice PEGMATITE Cristaux de QUARTZ FUM\u00c9 - malheureusement un peu trouble - dans TURMALINE noire PEGMATITE avec MUSCOVITE xx , sur la face inf\u00e9rieure il y a un fragment bleu-cristallin d'une AQUAMARINE. La d\u00e9couverte a eu lieu (il y a d\u00e9j\u00e0 10 ans) dans la vall\u00e9e de Shigar au Karakorum - Pakistan - HIMALAYA Poids du niveau : 600 [...].<\/p>","protected":false},"featured_media":4620,"template":"","meta":{"_acf_changed":false},"region":[],"product_brand":[],"product_cat":[15],"product_tag":[],"class_list":{"0":"post-2827","1":"product","2":"type-product","3":"status-publish","4":"has-post-thumbnail","6":"product_cat-mineralien","8":"first","9":"outofstock","10":"sold-individually","11":"product-type-simple"},"acf":[],"_links":{"self":[{"href":"https:\/\/westgem.shop\/fr\/wp-json\/wp\/v2\/product\/2827","targetHints":{"allow":["GET"]}}],"collection":[{"href":"https:\/\/westgem.shop\/fr\/wp-json\/wp\/v2\/product"}],"about":[{"href":"https:\/\/westgem.shop\/fr\/wp-json\/wp\/v2\/types\/product"}],"wp:featuredmedia":[{"embeddable":true,"href":"https:\/\/westgem.shop\/fr\/wp-json\/wp\/v2\/media\/4620"}],"wp:attachment":[{"href":"https:\/\/westgem.shop\/fr\/wp-json\/wp\/v2\/media?parent=2827"}],"wp:term":[{"taxonomy":"region","embeddable":true,"href":"https:\/\/westgem.shop\/fr\/wp-json\/wp\/v2\/region?post=2827"},{"taxonomy":"product_brand","embeddable":true,"href":"https:\/\/westgem.shop\/fr\/wp-json\/wp\/v2\/product_brand?post=2827"},{"taxonomy":"product_cat","embeddable":true,"href":"https:\/\/westgem.shop\/fr\/wp-json\/wp\/v2\/product_cat?post=2827"},{"taxonomy":"product_tag","embeddable":true,"href":"https:\/\/westgem.shop\/fr\/wp-json\/wp\/v2\/product_tag?post=2827"}],"curies":[{"name":"wp","href":"https:\/\/api.w.org\/{rel}","templated":true}]}}