{"id":2828,"date":"2002-02-28T00:00:00","date_gmt":"2002-02-28T00:00:00","guid":{"rendered":"https:\/\/miners.rocks\/product\/wulfenit-xx-bleiberg-2\/"},"modified":"2020-05-19T17:02:20","modified_gmt":"2020-05-19T17:02:20","slug":"wulfenit-xx-montagne-de-plomb-2","status":"publish","type":"product","link":"https:\/\/westgem.shop\/fr\/produit\/wulfenit-xx-montagne-de-plomb-2\/","title":{"rendered":"WULFENIT xx - BLEIBERG"},"content":{"rendered":"<p>Grande marche - BLEIBERGER WULFENIT xx<\/p>\n<p>Cristaux tabulaires minces jaunes sur roche m\u00e8re - \u00e0 l'arri\u00e8re avec une fine surface de CALCIT.<\/p>\n<p>De la fameuse TYPLOCALIT\u00c9 WULFENIT - BLEIBERG\/KREUTH<\/p>\n<p>GRUBE STEFANIE<\/p>\n<p>Il n'y a pratiquement PLUS de pi\u00e8ces des BLEIBERGER WULFENITEN en vente libre.<\/p>\n<p>Poids : 890 g Dimensions : 11 x 11 x 9 cm<\/p>","protected":false},"excerpt":{"rendered":"<p>Grande marche - BLEIBERGER WULFENIT xx Cristaux tabulaires minces jaunes sur roche m\u00e8re - derri\u00e8re avec une fine surface de CALCIT. De la fameuse WULFENIT TYPLOKALITA - BLEIBERG\/KREUTH GRUBE STEFANIE Il n'y a pratiquement plus de pi\u00e8ces en vente libre de la WULFENITA BLEIBERGER. Poids : 890 g Dimensions : 11 x 11 x 9 cm<\/p>","protected":false},"featured_media":4625,"template":"","meta":{"_acf_changed":false},"region":[],"product_brand":[],"product_cat":[15],"product_tag":[],"class_list":{"0":"post-2828","1":"product","2":"type-product","3":"status-publish","4":"has-post-thumbnail","6":"product_cat-mineralien","8":"first","9":"outofstock","10":"sold-individually","11":"product-type-simple"},"acf":[],"_links":{"self":[{"href":"https:\/\/westgem.shop\/fr\/wp-json\/wp\/v2\/product\/2828","targetHints":{"allow":["GET"]}}],"collection":[{"href":"https:\/\/westgem.shop\/fr\/wp-json\/wp\/v2\/product"}],"about":[{"href":"https:\/\/westgem.shop\/fr\/wp-json\/wp\/v2\/types\/product"}],"wp:featuredmedia":[{"embeddable":true,"href":"https:\/\/westgem.shop\/fr\/wp-json\/wp\/v2\/media\/4625"}],"wp:attachment":[{"href":"https:\/\/westgem.shop\/fr\/wp-json\/wp\/v2\/media?parent=2828"}],"wp:term":[{"taxonomy":"region","embeddable":true,"href":"https:\/\/westgem.shop\/fr\/wp-json\/wp\/v2\/region?post=2828"},{"taxonomy":"product_brand","embeddable":true,"href":"https:\/\/westgem.shop\/fr\/wp-json\/wp\/v2\/product_brand?post=2828"},{"taxonomy":"product_cat","embeddable":true,"href":"https:\/\/westgem.shop\/fr\/wp-json\/wp\/v2\/product_cat?post=2828"},{"taxonomy":"product_tag","embeddable":true,"href":"https:\/\/westgem.shop\/fr\/wp-json\/wp\/v2\/product_tag?post=2828"}],"curies":[{"name":"wp","href":"https:\/\/api.w.org\/{rel}","templated":true}]}}