{"id":2829,"date":"2002-03-01T00:00:00","date_gmt":"2002-03-01T00:00:00","guid":{"rendered":"https:\/\/miners.rocks\/product\/gro%ef%ac%82e-wulfenit-stufe-bleiberg\/"},"modified":"2020-05-19T17:02:21","modified_gmt":"2020-05-19T17:02:21","slug":"gro%ef%ac%82e-wulfenit-niveau-montagne-de-maintien","status":"publish","type":"product","link":"https:\/\/westgem.shop\/fr\/produit\/gro%ef%ac%82e-wulfenit-niveau-montagne-de-maintien\/","title":{"rendered":"Grande marche WULFENIT - BLEIBERG"},"content":{"rendered":"<p>Tr\u00e8s grand niveau de WULFENIT de l'ancienne mine de BLEI et ZINK \u00e0 BLEIBERG\/KREUTH<\/p>\n<p>Cette mine est la TYPLOCALIT\u00c9 pour le min\u00e9ral WULFENIT = GELBLEIERZ<\/p>\n<p>D\u00e9crit pour la premi\u00e8re fois par le Baron Freiher von WULFEN en 1783<\/p>\n<p>Cristaux de WULFENIT rouge\u00e2tres sur roche m\u00e8re de la MINE STEFANIE<\/p>\n<p>Poids : 1,7 KILOGRAMME Dimensions : 14 x 13 x 11 cm<\/p>\n<p>SUPER PRIX ! Les BLEIBERGER WULFENITE sont des RARITES !<\/p>","protected":false},"excerpt":{"rendered":"<p>Tr\u00e8s grand niveau de WULFENIT provenant de l'ancienne mine de BLEI et ZINK \u00e0 BLEIBERG\/KREUTH Cette mine est la TYPLOCALIT\u00c9 du min\u00e9ral WULFENIT = GELBBLEIERZ D\u00e9crite pour la premi\u00e8re fois par le Baron Freiher von WULFEN en 1783 Cristaux de WULFENIT rouge\u00e2tres sur roche m\u00e8re de la mine STEFANIE Poids : 1,7 KILOGRAMME Dimensions : 14 x 13 x 11 cm SUPER PRIX ! BLEIBERGER [...]<\/p>","protected":false},"featured_media":4630,"template":"","meta":{"_acf_changed":false},"region":[],"product_brand":[],"product_cat":[15],"product_tag":[],"class_list":{"0":"post-2829","1":"product","2":"type-product","3":"status-publish","4":"has-post-thumbnail","6":"product_cat-mineralien","8":"first","9":"outofstock","10":"sold-individually","11":"product-type-simple"},"acf":[],"_links":{"self":[{"href":"https:\/\/westgem.shop\/fr\/wp-json\/wp\/v2\/product\/2829","targetHints":{"allow":["GET"]}}],"collection":[{"href":"https:\/\/westgem.shop\/fr\/wp-json\/wp\/v2\/product"}],"about":[{"href":"https:\/\/westgem.shop\/fr\/wp-json\/wp\/v2\/types\/product"}],"wp:featuredmedia":[{"embeddable":true,"href":"https:\/\/westgem.shop\/fr\/wp-json\/wp\/v2\/media\/4630"}],"wp:attachment":[{"href":"https:\/\/westgem.shop\/fr\/wp-json\/wp\/v2\/media?parent=2829"}],"wp:term":[{"taxonomy":"region","embeddable":true,"href":"https:\/\/westgem.shop\/fr\/wp-json\/wp\/v2\/region?post=2829"},{"taxonomy":"product_brand","embeddable":true,"href":"https:\/\/westgem.shop\/fr\/wp-json\/wp\/v2\/product_brand?post=2829"},{"taxonomy":"product_cat","embeddable":true,"href":"https:\/\/westgem.shop\/fr\/wp-json\/wp\/v2\/product_cat?post=2829"},{"taxonomy":"product_tag","embeddable":true,"href":"https:\/\/westgem.shop\/fr\/wp-json\/wp\/v2\/product_tag?post=2829"}],"curies":[{"name":"wp","href":"https:\/\/api.w.org\/{rel}","templated":true}]}}