{"id":2830,"date":"2002-03-02T00:00:00","date_gmt":"2002-03-02T00:00:00","guid":{"rendered":"https:\/\/miners.rocks\/product\/roter-gipsspat-hoellgraben-2\/"},"modified":"2020-05-19T17:02:22","modified_gmt":"2020-05-19T17:02:22","slug":"gypse-rouge-hoellgraben-2","status":"publish","type":"product","link":"https:\/\/westgem.shop\/fr\/produit\/gypse-rouge-hoellgraben-2\/","title":{"rendered":"GIPSSPAT rouge - TERRAINS D'ENFER"},"content":{"rendered":"<p>Grande marche GIPSSPAT ROUGE du H\u00f6LLGRABEN<\/p>\n<p>Sulfate de calcium derbique - la couleur rouge est due \u00e0 de faibles traces de FER.<\/p>\n<p>Ce site ne semble plus avoir \u00e9t\u00e9 trouv\u00e9, car il n'y a plus de marches GIPS ROUGES.<\/p>\n<p>Lieu de la d\u00e9couverte : H\u00f6LLGRABEN pr\u00e8s de Werfen<\/p>\n<p>\u00c9tat de SALZBURG<\/p>\n<p>poids : <u>3,1 kilogrammes<\/u>  Dimensions : 18 x 16 x 11 cm<\/p>\n<p>Des photos montrent la marche sous tous les angles<\/p>","protected":false},"excerpt":{"rendered":"<p>Grand niveau de GIPSPATE ROUGE du H\u00f6LLGRABEN Sulfate de calcium Derbes - la couleur rouge est due \u00e0 de faibles traces de FER. Ce site ne semble plus avoir fait l'objet de d\u00e9couvertes, car il n'y a plus de niveaux de GIPS ROUGE. Lieu de la d\u00e9couverte : H\u00f6LLGRABEN pr\u00e8s de Werfen Land de SALZBOURG Poids : 3,1 kilogrammes Dimensions : 18 x 16 x 11 cm Les photos montrent la marche [...].<\/p>","protected":false},"featured_media":4635,"template":"","meta":{"_acf_changed":false},"region":[],"product_brand":[],"product_cat":[15],"product_tag":[],"class_list":{"0":"post-2830","1":"product","2":"type-product","3":"status-publish","4":"has-post-thumbnail","6":"product_cat-mineralien","8":"first","9":"outofstock","10":"sold-individually","11":"product-type-simple"},"acf":[],"_links":{"self":[{"href":"https:\/\/westgem.shop\/fr\/wp-json\/wp\/v2\/product\/2830","targetHints":{"allow":["GET"]}}],"collection":[{"href":"https:\/\/westgem.shop\/fr\/wp-json\/wp\/v2\/product"}],"about":[{"href":"https:\/\/westgem.shop\/fr\/wp-json\/wp\/v2\/types\/product"}],"wp:featuredmedia":[{"embeddable":true,"href":"https:\/\/westgem.shop\/fr\/wp-json\/wp\/v2\/media\/4635"}],"wp:attachment":[{"href":"https:\/\/westgem.shop\/fr\/wp-json\/wp\/v2\/media?parent=2830"}],"wp:term":[{"taxonomy":"region","embeddable":true,"href":"https:\/\/westgem.shop\/fr\/wp-json\/wp\/v2\/region?post=2830"},{"taxonomy":"product_brand","embeddable":true,"href":"https:\/\/westgem.shop\/fr\/wp-json\/wp\/v2\/product_brand?post=2830"},{"taxonomy":"product_cat","embeddable":true,"href":"https:\/\/westgem.shop\/fr\/wp-json\/wp\/v2\/product_cat?post=2830"},{"taxonomy":"product_tag","embeddable":true,"href":"https:\/\/westgem.shop\/fr\/wp-json\/wp\/v2\/product_tag?post=2830"}],"curies":[{"name":"wp","href":"https:\/\/api.w.org\/{rel}","templated":true}]}}