{"id":2831,"date":"2002-03-03T00:00:00","date_gmt":"2002-03-03T00:00:00","guid":{"rendered":"https:\/\/miners.rocks\/product\/mangano-calcit-xx-pyrit-xx-anden\/"},"modified":"2020-05-19T17:02:22","modified_gmt":"2020-05-19T17:02:22","slug":"manganese-calcite-xx-pyrite-xx-andene","status":"publish","type":"product","link":"https:\/\/westgem.shop\/fr\/produit\/manganese-calcite-xx-pyrite-xx-andene\/","title":{"rendered":"MANGANO CALCIT xx PYRIT xx - ANDEN"},"content":{"rendered":"<p>Cristaux de MANGANO CALCITE blanc-rose p\u00e2le aux ar\u00eates vives, avec des amas de cristaux PYRIT xx tr\u00e8s brillants.<\/p>\n<p>Beau niveau de preuve d'anciennes d\u00e9couvertes dans les ANDEN en Am\u00e9rique du Sud .<\/p>\n<p>PACHAPAQUI - BASTO BUENO - ANDIN - P\u00c9ROU<\/p>\n<p>Poids : 390 g Din. : 11 x 10 x 5 cm<\/p>\n<p>La derni\u00e8re photo montre l'arri\u00e8re.<\/p>","protected":false},"excerpt":{"rendered":"<p>Cristaux de CALCITE MANGANO rose p\u00e2le \u00e0 angles vifs avec des amas de cristaux de PYRITE xx tr\u00e8s brillants. Beau niveau de preuve provenant d'anciennes d\u00e9couvertes dans les ANDES en Am\u00e9rique du Sud. PACHAPAQUI - BASTO BUENO - ANDES - PERU Poids : 390 g Din. : 11 x 10 x 5 cm La derni\u00e8re photo montre le verso.<\/p>","protected":false},"featured_media":4639,"template":"","meta":{"_acf_changed":false},"region":[],"product_brand":[],"product_cat":[15],"product_tag":[],"class_list":{"0":"post-2831","1":"product","2":"type-product","3":"status-publish","4":"has-post-thumbnail","6":"product_cat-mineralien","8":"first","9":"outofstock","10":"sold-individually","11":"product-type-simple"},"acf":[],"_links":{"self":[{"href":"https:\/\/westgem.shop\/fr\/wp-json\/wp\/v2\/product\/2831","targetHints":{"allow":["GET"]}}],"collection":[{"href":"https:\/\/westgem.shop\/fr\/wp-json\/wp\/v2\/product"}],"about":[{"href":"https:\/\/westgem.shop\/fr\/wp-json\/wp\/v2\/types\/product"}],"wp:featuredmedia":[{"embeddable":true,"href":"https:\/\/westgem.shop\/fr\/wp-json\/wp\/v2\/media\/4639"}],"wp:attachment":[{"href":"https:\/\/westgem.shop\/fr\/wp-json\/wp\/v2\/media?parent=2831"}],"wp:term":[{"taxonomy":"region","embeddable":true,"href":"https:\/\/westgem.shop\/fr\/wp-json\/wp\/v2\/region?post=2831"},{"taxonomy":"product_brand","embeddable":true,"href":"https:\/\/westgem.shop\/fr\/wp-json\/wp\/v2\/product_brand?post=2831"},{"taxonomy":"product_cat","embeddable":true,"href":"https:\/\/westgem.shop\/fr\/wp-json\/wp\/v2\/product_cat?post=2831"},{"taxonomy":"product_tag","embeddable":true,"href":"https:\/\/westgem.shop\/fr\/wp-json\/wp\/v2\/product_tag?post=2831"}],"curies":[{"name":"wp","href":"https:\/\/api.w.org\/{rel}","templated":true}]}}