{"id":2832,"date":"2002-03-04T00:00:00","date_gmt":"2002-03-04T00:00:00","guid":{"rendered":"https:\/\/miners.rocks\/product\/huanzala-pyrit-xx-anden\/"},"modified":"2020-05-19T17:02:23","modified_gmt":"2020-05-19T17:02:23","slug":"huanzala-pyrite-xx-anden","status":"publish","type":"product","link":"https:\/\/westgem.shop\/fr\/produit\/huanzala-pyrite-xx-anden\/","title":{"rendered":"HUANZALA PYRIT xx - ANDEN"},"content":{"rendered":"<p>Des c\u00e9l\u00e8bres mines des Andes -<\/p>\n<p>Marchepied en PYRIT avec des cristaux brillants de premi\u00e8re qualit\u00e9.<\/p>\n<p>HUANZALA - ANDIN - P\u00c9ROU<\/p>\n<p>Poids : 650 g Dimensions : 12 x 7 x 6 cm<\/p>","protected":false},"excerpt":{"rendered":"<p>Des c\u00e9l\u00e8bres mines des Andes - PYRIT Niveau avec des cristaux tr\u00e8s brillants et de premi\u00e8re qualit\u00e9. HUANZALA - ANDES - PERU Poids : 650 g Dimensions : 12 x 7 x 6 cm<\/p>","protected":false},"featured_media":4643,"template":"","meta":{"_acf_changed":false},"region":[],"product_brand":[],"product_cat":[15],"product_tag":[],"class_list":{"0":"post-2832","1":"product","2":"type-product","3":"status-publish","4":"has-post-thumbnail","6":"product_cat-mineralien","8":"first","9":"outofstock","10":"sold-individually","11":"product-type-simple"},"acf":[],"_links":{"self":[{"href":"https:\/\/westgem.shop\/fr\/wp-json\/wp\/v2\/product\/2832","targetHints":{"allow":["GET"]}}],"collection":[{"href":"https:\/\/westgem.shop\/fr\/wp-json\/wp\/v2\/product"}],"about":[{"href":"https:\/\/westgem.shop\/fr\/wp-json\/wp\/v2\/types\/product"}],"wp:featuredmedia":[{"embeddable":true,"href":"https:\/\/westgem.shop\/fr\/wp-json\/wp\/v2\/media\/4643"}],"wp:attachment":[{"href":"https:\/\/westgem.shop\/fr\/wp-json\/wp\/v2\/media?parent=2832"}],"wp:term":[{"taxonomy":"region","embeddable":true,"href":"https:\/\/westgem.shop\/fr\/wp-json\/wp\/v2\/region?post=2832"},{"taxonomy":"product_brand","embeddable":true,"href":"https:\/\/westgem.shop\/fr\/wp-json\/wp\/v2\/product_brand?post=2832"},{"taxonomy":"product_cat","embeddable":true,"href":"https:\/\/westgem.shop\/fr\/wp-json\/wp\/v2\/product_cat?post=2832"},{"taxonomy":"product_tag","embeddable":true,"href":"https:\/\/westgem.shop\/fr\/wp-json\/wp\/v2\/product_tag?post=2832"}],"curies":[{"name":"wp","href":"https:\/\/api.w.org\/{rel}","templated":true}]}}