{"id":2833,"date":"2002-03-05T00:00:00","date_gmt":"2002-03-05T00:00:00","guid":{"rendered":"https:\/\/miners.rocks\/product\/ozean-jaspis-set\/"},"modified":"2020-05-19T17:02:23","modified_gmt":"2020-05-19T17:02:23","slug":"ocean-jaspis-set","status":"publish","type":"product","link":"https:\/\/westgem.shop\/fr\/produit\/ocean-jaspis-set\/","title":{"rendered":"Oc\u00e9an Jaspis SET"},"content":{"rendered":"<p>Pour un client \u00e0 VISUALISER - RESERVE<\/p>\n<p>Set Oc\u00e9an Jaspis - Madagascar<\/p>\n<p>1 pierre Freeform - taill\u00e9e et polie \u00e0 la main et une PIERRE Jaspe Oc\u00e9an et un porte-cl\u00e9s<\/p>","protected":false},"excerpt":{"rendered":"<p>Pour un client \u00e0 VISUALISER - RESERVE Ensemble Oc\u00e9an Jaspe - Madagascar 1 pierre Freeform - taill\u00e9e et polie \u00e0 la main et une PIERRE Oc\u00e9an Jaspe et un porte-cl\u00e9s<\/p>","protected":false},"featured_media":4647,"template":"","meta":{"_acf_changed":false},"region":[],"product_brand":[],"product_cat":[15],"product_tag":[],"class_list":{"0":"post-2833","1":"product","2":"type-product","3":"status-publish","4":"has-post-thumbnail","6":"product_cat-mineralien","8":"first","9":"outofstock","10":"sold-individually","11":"product-type-simple"},"acf":[],"_links":{"self":[{"href":"https:\/\/westgem.shop\/fr\/wp-json\/wp\/v2\/product\/2833","targetHints":{"allow":["GET"]}}],"collection":[{"href":"https:\/\/westgem.shop\/fr\/wp-json\/wp\/v2\/product"}],"about":[{"href":"https:\/\/westgem.shop\/fr\/wp-json\/wp\/v2\/types\/product"}],"wp:featuredmedia":[{"embeddable":true,"href":"https:\/\/westgem.shop\/fr\/wp-json\/wp\/v2\/media\/4647"}],"wp:attachment":[{"href":"https:\/\/westgem.shop\/fr\/wp-json\/wp\/v2\/media?parent=2833"}],"wp:term":[{"taxonomy":"region","embeddable":true,"href":"https:\/\/westgem.shop\/fr\/wp-json\/wp\/v2\/region?post=2833"},{"taxonomy":"product_brand","embeddable":true,"href":"https:\/\/westgem.shop\/fr\/wp-json\/wp\/v2\/product_brand?post=2833"},{"taxonomy":"product_cat","embeddable":true,"href":"https:\/\/westgem.shop\/fr\/wp-json\/wp\/v2\/product_cat?post=2833"},{"taxonomy":"product_tag","embeddable":true,"href":"https:\/\/westgem.shop\/fr\/wp-json\/wp\/v2\/product_tag?post=2833"}],"curies":[{"name":"wp","href":"https:\/\/api.w.org\/{rel}","templated":true}]}}