{"id":2834,"date":"2002-03-06T00:00:00","date_gmt":"2002-03-06T00:00:00","guid":{"rendered":"https:\/\/miners.rocks\/product\/pyrit-xx-anden-peru\/"},"modified":"2020-05-19T17:02:24","modified_gmt":"2020-05-19T17:02:24","slug":"pyrite-xx-anden-peru","status":"publish","type":"product","link":"https:\/\/westgem.shop\/fr\/produit\/pyrite-xx-anden-peru\/","title":{"rendered":"PYRIT xx - ANDEN - PERU"},"content":{"rendered":"<p>Cristaux PYRIT brillants sur PYRIT massif.<\/p>\n<p>Une belle marche \u00e0 un prix raisonnable.<\/p>\n<p>Poids : 560 g Dimensions : 10 9 x 5,5 cm<\/p>\n<p>MINE DE HUANZALA - ANDEN - AM\u00c9RIQUE DU SUD<\/p>","protected":false},"excerpt":{"rendered":"<p>Des cristaux PYRIT tr\u00e8s brillants sur de la PYRITE massive. Une belle marche \u00e0 un prix raisonnable. Poids : 560 g Dimensions : 10 9 x 5,5 cm MINE DE HUANZALA - ANDES - AM\u00c9RIQUE DU SUD<\/p>","protected":false},"featured_media":4650,"template":"","meta":{"_acf_changed":false},"region":[],"product_brand":[],"product_cat":[15],"product_tag":[],"class_list":{"0":"post-2834","1":"product","2":"type-product","3":"status-publish","4":"has-post-thumbnail","6":"product_cat-mineralien","8":"first","9":"outofstock","10":"sold-individually","11":"product-type-simple"},"acf":[],"_links":{"self":[{"href":"https:\/\/westgem.shop\/fr\/wp-json\/wp\/v2\/product\/2834","targetHints":{"allow":["GET"]}}],"collection":[{"href":"https:\/\/westgem.shop\/fr\/wp-json\/wp\/v2\/product"}],"about":[{"href":"https:\/\/westgem.shop\/fr\/wp-json\/wp\/v2\/types\/product"}],"wp:featuredmedia":[{"embeddable":true,"href":"https:\/\/westgem.shop\/fr\/wp-json\/wp\/v2\/media\/4650"}],"wp:attachment":[{"href":"https:\/\/westgem.shop\/fr\/wp-json\/wp\/v2\/media?parent=2834"}],"wp:term":[{"taxonomy":"region","embeddable":true,"href":"https:\/\/westgem.shop\/fr\/wp-json\/wp\/v2\/region?post=2834"},{"taxonomy":"product_brand","embeddable":true,"href":"https:\/\/westgem.shop\/fr\/wp-json\/wp\/v2\/product_brand?post=2834"},{"taxonomy":"product_cat","embeddable":true,"href":"https:\/\/westgem.shop\/fr\/wp-json\/wp\/v2\/product_cat?post=2834"},{"taxonomy":"product_tag","embeddable":true,"href":"https:\/\/westgem.shop\/fr\/wp-json\/wp\/v2\/product_tag?post=2834"}],"curies":[{"name":"wp","href":"https:\/\/api.w.org\/{rel}","templated":true}]}}