{"id":2836,"date":"2002-03-08T00:00:00","date_gmt":"2002-03-08T00:00:00","guid":{"rendered":"https:\/\/miners.rocks\/product\/baryt-xx-malachit-xx-2\/"},"modified":"2020-05-19T17:02:25","modified_gmt":"2020-05-19T17:02:25","slug":"baryte-xx-malachite-xx-2","status":"publish","type":"product","link":"https:\/\/westgem.shop\/fr\/produit\/baryte-xx-malachite-xx-2\/","title":{"rendered":"BARYT xx - malachite xx"},"content":{"rendered":"<p>BARYT rose xxx - Cristaux feuillet\u00e9s avec cristaux de malachite sur BARYT massif.<\/p>\n<p>Ancienne trouvaille vers 1995 dans MIBLADEN - MAROC<\/p>\n<p>Poids : 170 g Dimensions : 7,5 x 6 x 6 cm<\/p>\n<p>Photographi\u00e9 mouill\u00e9 - la couleur est un peu plus brune \u00e0 sec - comme la photo 4<\/p>","protected":false},"excerpt":{"rendered":"<p>BARYT rose xxx - Cristaux feuillet\u00e9s avec cristaux de malachite sur BARYT massif. Ancienne trouvaille vers 1995 au MIBLADE - MAROC Poids : 170 g Dimensions : 7,5 x 6 x 6 cm Photographi\u00e9 mouill\u00e9 - la couleur est un peu plus brune \u00e0 sec - comme photo 4<\/p>","protected":false},"featured_media":4657,"template":"","meta":{"_acf_changed":false},"region":[],"product_brand":[],"product_cat":[15],"product_tag":[],"class_list":{"0":"post-2836","1":"product","2":"type-product","3":"status-publish","4":"has-post-thumbnail","6":"product_cat-mineralien","8":"first","9":"outofstock","10":"sold-individually","11":"product-type-simple"},"acf":[],"_links":{"self":[{"href":"https:\/\/westgem.shop\/fr\/wp-json\/wp\/v2\/product\/2836","targetHints":{"allow":["GET"]}}],"collection":[{"href":"https:\/\/westgem.shop\/fr\/wp-json\/wp\/v2\/product"}],"about":[{"href":"https:\/\/westgem.shop\/fr\/wp-json\/wp\/v2\/types\/product"}],"wp:featuredmedia":[{"embeddable":true,"href":"https:\/\/westgem.shop\/fr\/wp-json\/wp\/v2\/media\/4657"}],"wp:attachment":[{"href":"https:\/\/westgem.shop\/fr\/wp-json\/wp\/v2\/media?parent=2836"}],"wp:term":[{"taxonomy":"region","embeddable":true,"href":"https:\/\/westgem.shop\/fr\/wp-json\/wp\/v2\/region?post=2836"},{"taxonomy":"product_brand","embeddable":true,"href":"https:\/\/westgem.shop\/fr\/wp-json\/wp\/v2\/product_brand?post=2836"},{"taxonomy":"product_cat","embeddable":true,"href":"https:\/\/westgem.shop\/fr\/wp-json\/wp\/v2\/product_cat?post=2836"},{"taxonomy":"product_tag","embeddable":true,"href":"https:\/\/westgem.shop\/fr\/wp-json\/wp\/v2\/product_tag?post=2836"}],"curies":[{"name":"wp","href":"https:\/\/api.w.org\/{rel}","templated":true}]}}