{"id":2837,"date":"2002-03-09T00:00:00","date_gmt":"2002-03-09T00:00:00","guid":{"rendered":"https:\/\/miners.rocks\/product\/malachit-xx-auf-schwerspat-xx\/"},"modified":"2020-05-19T17:02:25","modified_gmt":"2020-05-19T17:02:25","slug":"malachite-xx-sur-barytine-xx","status":"publish","type":"product","link":"https:\/\/westgem.shop\/fr\/produit\/malachite-xx-sur-barytine-xx\/","title":{"rendered":"Malachite xx sur SCHWERSPAT xx"},"content":{"rendered":"<p>Cristaux de malachite verts sur BARYT xx roses<\/p>\n<p>Cristaux feuillet\u00e9s de BARYT=SCHWERSPAT sur BARYT massif avec cristaux de malachite en surface<\/p>\n<p>Ancienne d\u00e9couverte de MIBLADEN - Afrique du Nord<\/p>\n<p>Poids : 360 g Dimensions : 11,5 x 6 x 6 cm<\/p>\n<p>En r\u00e9alit\u00e9, les cristaux BARYT ne sont pas d'un rouge aussi intense que sur la photo, mais d'un brun-rouge. L'appareil photo a d\u00fb mal interpr\u00e9ter la couleur. D\u00e9sol\u00e9, mais c'est quand m\u00eame une pi\u00e8ce int\u00e9ressante.<\/p>","protected":false},"excerpt":{"rendered":"<p>Cristaux de malachite verts sur BARYT roses xx Cristaux de BARYT=SCHWERSPAT en feuille sur BARYT massif avec cristaux de malachite en place Ancienne trouvaille du MIBLADE - Afrique du Nord Poids : 360 g Dimensions : 11,5 x 6 x 6 cm Les cristaux de BARYT ne sont pas d'un rouge aussi intense en nature que sur la photo, mais d'un brun-rouge. L'appareil photo y [...]<\/p>","protected":false},"featured_media":4661,"template":"","meta":{"_acf_changed":false},"region":[],"product_brand":[],"product_cat":[15],"product_tag":[],"class_list":{"0":"post-2837","1":"product","2":"type-product","3":"status-publish","4":"has-post-thumbnail","6":"product_cat-mineralien","8":"first","9":"outofstock","10":"sold-individually","11":"product-type-simple"},"acf":[],"_links":{"self":[{"href":"https:\/\/westgem.shop\/fr\/wp-json\/wp\/v2\/product\/2837","targetHints":{"allow":["GET"]}}],"collection":[{"href":"https:\/\/westgem.shop\/fr\/wp-json\/wp\/v2\/product"}],"about":[{"href":"https:\/\/westgem.shop\/fr\/wp-json\/wp\/v2\/types\/product"}],"wp:featuredmedia":[{"embeddable":true,"href":"https:\/\/westgem.shop\/fr\/wp-json\/wp\/v2\/media\/4661"}],"wp:attachment":[{"href":"https:\/\/westgem.shop\/fr\/wp-json\/wp\/v2\/media?parent=2837"}],"wp:term":[{"taxonomy":"region","embeddable":true,"href":"https:\/\/westgem.shop\/fr\/wp-json\/wp\/v2\/region?post=2837"},{"taxonomy":"product_brand","embeddable":true,"href":"https:\/\/westgem.shop\/fr\/wp-json\/wp\/v2\/product_brand?post=2837"},{"taxonomy":"product_cat","embeddable":true,"href":"https:\/\/westgem.shop\/fr\/wp-json\/wp\/v2\/product_cat?post=2837"},{"taxonomy":"product_tag","embeddable":true,"href":"https:\/\/westgem.shop\/fr\/wp-json\/wp\/v2\/product_tag?post=2837"}],"curies":[{"name":"wp","href":"https:\/\/api.w.org\/{rel}","templated":true}]}}