{"id":2838,"date":"2002-03-10T00:00:00","date_gmt":"2002-03-10T00:00:00","guid":{"rendered":"https:\/\/miners.rocks\/product\/fluorit-xx-woelsendorf-2\/"},"modified":"2020-05-19T17:02:26","modified_gmt":"2020-05-19T17:02:26","slug":"fluorite-xx-woelsendorf-2","status":"publish","type":"product","link":"https:\/\/westgem.shop\/fr\/produit\/fluorite-xx-woelsendorf-2\/","title":{"rendered":"FLUORIT xx - W\u00d6LSENDORF"},"content":{"rendered":"<p>Ancien niveau de FLUORITE provenant de l'ancienne mine de FLUSSPAT \u00e0 W\u00f6LSENDORF<\/p>\n<p>Les couleurs brun-violet et vert sont celles de la FLUORITE. Sur les surfaces des cristaux se trouvent quelques cristaux de CHALCOPYRITE - en fait typique de ce site,<\/p>\n<p>Mine C\u00e4cilia - W\u00f6LSENDORF - OBERPFALZ - BAYERN<\/p>\n<p>Poids : 310 g Dimensions : 8,5 x 6 x 4 cm<\/p>\n<p>Ancienne \u00e9tiquette de collection originale encore coll\u00e9e sur la marche .<\/p>","protected":false},"excerpt":{"rendered":"<p>Ancien niveau de FLUORITE provenant de l'ancienne mine FLUSSPAT \u00e0 W\u00f6LSENDORF Les couleurs brun-violet et vert sont les couleurs de la FLUORITE. Sur les surfaces des cristaux se trouvent quelques cristaux de CHALCOPYRITE - en fait typique pour ce site, mine C\u00e4cilia - W\u00f6LSENDORF - OBERPFALZ - BAYERN Poids : 310 g Dimensions : 8,5 x 6 x 4 cm Ancienne \u00e9tiquette de collection originale colle encore [...].<\/p>","protected":false},"featured_media":4664,"template":"","meta":{"_acf_changed":false},"region":[],"product_brand":[],"product_cat":[15],"product_tag":[],"class_list":{"0":"post-2838","1":"product","2":"type-product","3":"status-publish","4":"has-post-thumbnail","6":"product_cat-mineralien","8":"first","9":"outofstock","10":"sold-individually","11":"product-type-simple"},"acf":[],"_links":{"self":[{"href":"https:\/\/westgem.shop\/fr\/wp-json\/wp\/v2\/product\/2838","targetHints":{"allow":["GET"]}}],"collection":[{"href":"https:\/\/westgem.shop\/fr\/wp-json\/wp\/v2\/product"}],"about":[{"href":"https:\/\/westgem.shop\/fr\/wp-json\/wp\/v2\/types\/product"}],"wp:featuredmedia":[{"embeddable":true,"href":"https:\/\/westgem.shop\/fr\/wp-json\/wp\/v2\/media\/4664"}],"wp:attachment":[{"href":"https:\/\/westgem.shop\/fr\/wp-json\/wp\/v2\/media?parent=2838"}],"wp:term":[{"taxonomy":"region","embeddable":true,"href":"https:\/\/westgem.shop\/fr\/wp-json\/wp\/v2\/region?post=2838"},{"taxonomy":"product_brand","embeddable":true,"href":"https:\/\/westgem.shop\/fr\/wp-json\/wp\/v2\/product_brand?post=2838"},{"taxonomy":"product_cat","embeddable":true,"href":"https:\/\/westgem.shop\/fr\/wp-json\/wp\/v2\/product_cat?post=2838"},{"taxonomy":"product_tag","embeddable":true,"href":"https:\/\/westgem.shop\/fr\/wp-json\/wp\/v2\/product_tag?post=2838"}],"curies":[{"name":"wp","href":"https:\/\/api.w.org\/{rel}","templated":true}]}}