{"id":2839,"date":"2002-03-11T00:00:00","date_gmt":"2002-03-11T00:00:00","guid":{"rendered":"https:\/\/miners.rocks\/product\/woelsendorfer-fluorit\/"},"modified":"2020-05-19T17:02:27","modified_gmt":"2020-05-19T17:02:27","slug":"fluorite-de-woelsendorf","status":"publish","type":"product","link":"https:\/\/westgem.shop\/fr\/produit\/fluorite-de-woelsendorf\/","title":{"rendered":"FLUORITE DE W\u00d6LSENDORF"},"content":{"rendered":"<p>\n\tDe l'ancienne plus grande mine de FLUSSPAT du monde \u00e0 W\u00d6LSENDORF - BAVIERE<\/p>\n<p>\n\tLa couleur est l\u00e9g\u00e8rement gris-verd\u00e2tre - FLUORITE xx avec CHALCOPYRITE xx pos\u00e9e sur les faces cristallines<\/p>\n<p>\n\tPoids : 280 g Dimensions : 9 x 7 x 5 cm<\/p>\n<p>\n\tAncienne \u00e9tiquette de collection encore coll\u00e9e sur la marche .<\/p>","protected":false},"excerpt":{"rendered":"<p>De l'ancienne plus grande mine de FLUSSPAT du monde \u00e0 W\u00d6LSENDORF - BAYERN La couleur est l\u00e9g\u00e8rement gris-verd\u00e2tre - FLUORITE xx avec CHALCOPYRITE xx pos\u00e9e sur les faces cristallines Poids : 280 g Dimensions : 9 x 7 x 5 cm Ancienne \u00e9tiquette de collection encore coll\u00e9e sur le niveau .<\/p>","protected":false},"featured_media":4668,"template":"","meta":{"_acf_changed":false},"region":[],"product_brand":[],"product_cat":[15],"product_tag":[],"class_list":{"0":"post-2839","1":"product","2":"type-product","3":"status-publish","4":"has-post-thumbnail","6":"product_cat-mineralien","8":"first","9":"outofstock","10":"sold-individually","11":"product-type-simple"},"acf":[],"_links":{"self":[{"href":"https:\/\/westgem.shop\/fr\/wp-json\/wp\/v2\/product\/2839","targetHints":{"allow":["GET"]}}],"collection":[{"href":"https:\/\/westgem.shop\/fr\/wp-json\/wp\/v2\/product"}],"about":[{"href":"https:\/\/westgem.shop\/fr\/wp-json\/wp\/v2\/types\/product"}],"wp:featuredmedia":[{"embeddable":true,"href":"https:\/\/westgem.shop\/fr\/wp-json\/wp\/v2\/media\/4668"}],"wp:attachment":[{"href":"https:\/\/westgem.shop\/fr\/wp-json\/wp\/v2\/media?parent=2839"}],"wp:term":[{"taxonomy":"region","embeddable":true,"href":"https:\/\/westgem.shop\/fr\/wp-json\/wp\/v2\/region?post=2839"},{"taxonomy":"product_brand","embeddable":true,"href":"https:\/\/westgem.shop\/fr\/wp-json\/wp\/v2\/product_brand?post=2839"},{"taxonomy":"product_cat","embeddable":true,"href":"https:\/\/westgem.shop\/fr\/wp-json\/wp\/v2\/product_cat?post=2839"},{"taxonomy":"product_tag","embeddable":true,"href":"https:\/\/westgem.shop\/fr\/wp-json\/wp\/v2\/product_tag?post=2839"}],"curies":[{"name":"wp","href":"https:\/\/api.w.org\/{rel}","templated":true}]}}