{"id":2841,"date":"2002-03-13T00:00:00","date_gmt":"2002-03-13T00:00:00","guid":{"rendered":"https:\/\/miners.rocks\/product\/azurit-cluster-mit-malachit\/"},"modified":"2020-05-19T17:02:28","modified_gmt":"2020-05-19T17:02:28","slug":"cluster-dazurite-avec-malachite","status":"publish","type":"product","link":"https:\/\/westgem.shop\/fr\/produit\/cluster-dazurite-avec-malachite\/","title":{"rendered":"AZURIT CLUSTER avec malachite"},"content":{"rendered":"<p>CLUSTER DE CRISTAL D'AZURITE bleu profond - cristaux acidul\u00e9s-tabulaires.<\/p>\n<p>sur sxhweren AZURIT = KUPFERLASUR Agr\u00e9gat et KUPFERERZ partiellement transform\u00e9 en malachite .<\/p>\n<p>Trouv\u00e9 vers 2002 \u00e0 Tazotta - Atlas - Maroc<\/p>\n<p>Poids : 760 g Dimensions : 13,5 x 7 x 7 cm<\/p>\n<p>Niveau tr\u00e8s attractif avec des couleurs intenses.<\/p>","protected":false},"excerpt":{"rendered":"<p>AZURITE bleu profond CLUSTER CRISTALLIQUE - cristaux acidul\u00e9s-tabulaires. sur AZURITE lourde = agr\u00e9gat de CLUBS et CLUBS partiellement transform\u00e9 en malachite. Trouv\u00e9 vers 2002 Tazotta - Atlas - Maroc Poids : 760 g Dimensions : 13,5 x 7 x 7 cm Marche tr\u00e8s attractive avec des couleurs intenses.<\/p>","protected":false},"featured_media":4675,"template":"","meta":{"_acf_changed":false},"region":[],"product_brand":[],"product_cat":[15],"product_tag":[],"class_list":{"0":"post-2841","1":"product","2":"type-product","3":"status-publish","4":"has-post-thumbnail","6":"product_cat-mineralien","8":"first","9":"outofstock","10":"sold-individually","11":"product-type-simple"},"acf":[],"_links":{"self":[{"href":"https:\/\/westgem.shop\/fr\/wp-json\/wp\/v2\/product\/2841","targetHints":{"allow":["GET"]}}],"collection":[{"href":"https:\/\/westgem.shop\/fr\/wp-json\/wp\/v2\/product"}],"about":[{"href":"https:\/\/westgem.shop\/fr\/wp-json\/wp\/v2\/types\/product"}],"wp:featuredmedia":[{"embeddable":true,"href":"https:\/\/westgem.shop\/fr\/wp-json\/wp\/v2\/media\/4675"}],"wp:attachment":[{"href":"https:\/\/westgem.shop\/fr\/wp-json\/wp\/v2\/media?parent=2841"}],"wp:term":[{"taxonomy":"region","embeddable":true,"href":"https:\/\/westgem.shop\/fr\/wp-json\/wp\/v2\/region?post=2841"},{"taxonomy":"product_brand","embeddable":true,"href":"https:\/\/westgem.shop\/fr\/wp-json\/wp\/v2\/product_brand?post=2841"},{"taxonomy":"product_cat","embeddable":true,"href":"https:\/\/westgem.shop\/fr\/wp-json\/wp\/v2\/product_cat?post=2841"},{"taxonomy":"product_tag","embeddable":true,"href":"https:\/\/westgem.shop\/fr\/wp-json\/wp\/v2\/product_tag?post=2841"}],"curies":[{"name":"wp","href":"https:\/\/api.w.org\/{rel}","templated":true}]}}