{"id":2842,"date":"2002-03-14T00:00:00","date_gmt":"2002-03-14T00:00:00","guid":{"rendered":"https:\/\/miners.rocks\/product\/anhydrit-moosegg\/"},"modified":"2020-05-19T17:02:29","modified_gmt":"2020-05-19T17:02:29","slug":"anhydrite-moosegg","status":"publish","type":"product","link":"https:\/\/westgem.shop\/fr\/produit\/anhydrite-moosegg\/","title":{"rendered":"ANHYDRITE - MOOSEGG"},"content":{"rendered":"<p>\n\tANHYDRITE de la station de MOOSEGG - GOLLING<\/p>\n<p>\n\tNuir tr\u00e8s rarement visible - rose en lumi\u00e8re transmise.<\/p>\n<p>\n\tPoids' : 250 g Dim.:12 x 7 x 4 cm<\/p>","protected":false},"excerpt":{"rendered":"<p>ANHYDRITE du site de MOOSEGG - GOLLING Nuir tr\u00e8s rare \u00e0 voir - rose en lumi\u00e8re transmise. Poids' : 250 g Dim.:12 x 7 x 4 cm<\/p>","protected":false},"featured_media":4680,"template":"","meta":{"_acf_changed":false},"region":[],"product_brand":[],"product_cat":[15],"product_tag":[],"class_list":{"0":"post-2842","1":"product","2":"type-product","3":"status-publish","4":"has-post-thumbnail","6":"product_cat-mineralien","8":"first","9":"outofstock","10":"sold-individually","11":"product-type-simple"},"acf":[],"_links":{"self":[{"href":"https:\/\/westgem.shop\/fr\/wp-json\/wp\/v2\/product\/2842","targetHints":{"allow":["GET"]}}],"collection":[{"href":"https:\/\/westgem.shop\/fr\/wp-json\/wp\/v2\/product"}],"about":[{"href":"https:\/\/westgem.shop\/fr\/wp-json\/wp\/v2\/types\/product"}],"wp:featuredmedia":[{"embeddable":true,"href":"https:\/\/westgem.shop\/fr\/wp-json\/wp\/v2\/media\/4680"}],"wp:attachment":[{"href":"https:\/\/westgem.shop\/fr\/wp-json\/wp\/v2\/media?parent=2842"}],"wp:term":[{"taxonomy":"region","embeddable":true,"href":"https:\/\/westgem.shop\/fr\/wp-json\/wp\/v2\/region?post=2842"},{"taxonomy":"product_brand","embeddable":true,"href":"https:\/\/westgem.shop\/fr\/wp-json\/wp\/v2\/product_brand?post=2842"},{"taxonomy":"product_cat","embeddable":true,"href":"https:\/\/westgem.shop\/fr\/wp-json\/wp\/v2\/product_cat?post=2842"},{"taxonomy":"product_tag","embeddable":true,"href":"https:\/\/westgem.shop\/fr\/wp-json\/wp\/v2\/product_tag?post=2842"}],"curies":[{"name":"wp","href":"https:\/\/api.w.org\/{rel}","templated":true}]}}