{"id":2843,"date":"2002-03-15T00:00:00","date_gmt":"2002-03-15T00:00:00","guid":{"rendered":"https:\/\/miners.rocks\/product\/himalaya-rauchquarz-xx\/"},"modified":"2020-05-19T17:02:30","modified_gmt":"2020-05-19T17:02:30","slug":"quartz-fume-himalaya-xx","status":"publish","type":"product","link":"https:\/\/westgem.shop\/fr\/produit\/quartz-fume-himalaya-xx\/","title":{"rendered":"HIMALAYA QUARTZ FUM\u00c9 xx"},"content":{"rendered":"<p>Grande et fascinante HIMALAYA STUFE - d\u00e9couverte de 2003<\/p>\n<p>Le puissant QUARTZ FUM\u00c9 DOUBLE est assis avec d'autres CRISTALLES FUM\u00c9S sur une MATRICE DE PEGMATITE avec de la MUSCOVITE - TURMALINE NOIRE et une partie d'une AQUAMARINE tr\u00e8s cristalline.<\/p>\n<p>Trouv\u00e9 dans la vall\u00e9e de SH'IGAR en HIMALAYA - PAKISTAN<\/p>\n<p>Le poids de cette superbe marche est de : 3,5 kilogrammes<\/p>\n<p>Dimensions : 20 x 18 x 16 cm<\/p>\n<p>PRIX EXCELLENT POUR L'\u00c9CHANTILLON, \u00e0 ce prix-l\u00e0, de telles marches sont presque donn\u00e9es.<\/p>","protected":false},"excerpt":{"rendered":"<p>Grand et fascinant NIVEAU HIMALAYA - D\u00e9couverte en 2003 Un puissant QUARTZ FUMEUR DOUBLE est assis avec d'autres CRISTALLES FUMEURS sur une MATRICE DE PEGMATITE avec de la MUSCOVITE - TURMALINE NOIRE et une partie d'une AQUAMARINE tr\u00e8s cristalline. D\u00e9couverte dans la vall\u00e9e de SH'IGAR en HIMALAYA - PAKISTAN. Poids de la pi\u00e8ce : 3,5 kilos Dimensions : 20 x 18 x 16 [...].<\/p>","protected":false},"featured_media":4684,"template":"","meta":{"_acf_changed":false},"region":[],"product_brand":[],"product_cat":[15],"product_tag":[],"class_list":{"0":"post-2843","1":"product","2":"type-product","3":"status-publish","4":"has-post-thumbnail","6":"product_cat-mineralien","8":"first","9":"outofstock","10":"sold-individually","11":"product-type-simple"},"acf":[],"_links":{"self":[{"href":"https:\/\/westgem.shop\/fr\/wp-json\/wp\/v2\/product\/2843","targetHints":{"allow":["GET"]}}],"collection":[{"href":"https:\/\/westgem.shop\/fr\/wp-json\/wp\/v2\/product"}],"about":[{"href":"https:\/\/westgem.shop\/fr\/wp-json\/wp\/v2\/types\/product"}],"wp:featuredmedia":[{"embeddable":true,"href":"https:\/\/westgem.shop\/fr\/wp-json\/wp\/v2\/media\/4684"}],"wp:attachment":[{"href":"https:\/\/westgem.shop\/fr\/wp-json\/wp\/v2\/media?parent=2843"}],"wp:term":[{"taxonomy":"region","embeddable":true,"href":"https:\/\/westgem.shop\/fr\/wp-json\/wp\/v2\/region?post=2843"},{"taxonomy":"product_brand","embeddable":true,"href":"https:\/\/westgem.shop\/fr\/wp-json\/wp\/v2\/product_brand?post=2843"},{"taxonomy":"product_cat","embeddable":true,"href":"https:\/\/westgem.shop\/fr\/wp-json\/wp\/v2\/product_cat?post=2843"},{"taxonomy":"product_tag","embeddable":true,"href":"https:\/\/westgem.shop\/fr\/wp-json\/wp\/v2\/product_tag?post=2843"}],"curies":[{"name":"wp","href":"https:\/\/api.w.org\/{rel}","templated":true}]}}