{"id":2844,"date":"2002-03-16T00:00:00","date_gmt":"2002-03-16T00:00:00","guid":{"rendered":"https:\/\/miners.rocks\/product\/australischer-opal-roh\/"},"modified":"2020-05-19T17:02:30","modified_gmt":"2020-05-19T17:02:30","slug":"opale-australienne-brute","status":"publish","type":"product","link":"https:\/\/westgem.shop\/fr\/produit\/opale-australienne-brute\/","title":{"rendered":"OPAL australien - ROH"},"content":{"rendered":"<p>PIERRE BRUTE EDELOPAL australienne<\/p>\n<p>BOULDER OPAL = Opale matricielle<\/p>\n<p>Parmi les OPALES, on distingue les OPALES COMMUNES, c'est-\u00e0-dire les OPALES sans jeu de couleurs, par exemple l'opale de lait - l'opale dendrite - l'opale de bois - l'opale de porcelaine, etc. et les OPALES EDELES.<\/p>\n<p>Les OPALES BOULDER sont des OPALES EDEL qui peuvent devenir tr\u00e8s ch\u00e8res en fonction de leur proportion de couleurs iris\u00e9es.<\/p>\n<p>Les proportions d'OPAL dans nos pi\u00e8ces vont du blanc-bleu\u00e2tre au bleu profond en passant par le rose-violet - des \"spots\" verts ou violets clignotent r\u00e9guli\u00e8rement, selon l'incidence de la lumi\u00e8re.<\/p>\n<p>Les pierres proviennent de d\u00e9couvertes faites dans le QUEENSLAND OPAL FIELD et plus pr\u00e9cis\u00e9ment de QUILPIE dans le SOUTH WEST QUEENSLAND - Australie<\/p>\n<p>Tr\u00e8s beau BOULDER OPAL avec de bonnes couleurs - ROHSTEIN<\/p>\n<p>Poids : 62 g Dimensions : 7 x 4,5 x 2 cm<\/p>","protected":false},"excerpt":{"rendered":"<p>L'OPAL BOULDER est un OPAL BRUT australien = opale matriciel Parmi les OPALES, on distingue les OPALES COMMUNS, c'est-\u00e0-dire les OPALES sans jeu de couleurs, par exemple l'opale de lait - l'opale dendrite - l'opale de bois - l'opale de porcelaine, etc. et les OPALES EDELOPALES Les OPALES BOULDER sont des OPALES EDELOPALES qui peuvent devenir tr\u00e8s chers selon leur teneur en couleurs iris\u00e9es. Les proportions d'OPAL dans nos pi\u00e8ces [...].<\/p>","protected":false},"featured_media":4690,"template":"","meta":{"_acf_changed":false},"region":[],"product_brand":[],"product_cat":[15],"product_tag":[],"class_list":{"0":"post-2844","1":"product","2":"type-product","3":"status-publish","4":"has-post-thumbnail","6":"product_cat-mineralien","8":"first","9":"outofstock","10":"sold-individually","11":"product-type-simple"},"acf":[],"_links":{"self":[{"href":"https:\/\/westgem.shop\/fr\/wp-json\/wp\/v2\/product\/2844","targetHints":{"allow":["GET"]}}],"collection":[{"href":"https:\/\/westgem.shop\/fr\/wp-json\/wp\/v2\/product"}],"about":[{"href":"https:\/\/westgem.shop\/fr\/wp-json\/wp\/v2\/types\/product"}],"wp:featuredmedia":[{"embeddable":true,"href":"https:\/\/westgem.shop\/fr\/wp-json\/wp\/v2\/media\/4690"}],"wp:attachment":[{"href":"https:\/\/westgem.shop\/fr\/wp-json\/wp\/v2\/media?parent=2844"}],"wp:term":[{"taxonomy":"region","embeddable":true,"href":"https:\/\/westgem.shop\/fr\/wp-json\/wp\/v2\/region?post=2844"},{"taxonomy":"product_brand","embeddable":true,"href":"https:\/\/westgem.shop\/fr\/wp-json\/wp\/v2\/product_brand?post=2844"},{"taxonomy":"product_cat","embeddable":true,"href":"https:\/\/westgem.shop\/fr\/wp-json\/wp\/v2\/product_cat?post=2844"},{"taxonomy":"product_tag","embeddable":true,"href":"https:\/\/westgem.shop\/fr\/wp-json\/wp\/v2\/product_tag?post=2844"}],"curies":[{"name":"wp","href":"https:\/\/api.w.org\/{rel}","templated":true}]}}