{"id":2847,"date":"2002-03-19T00:00:00","date_gmt":"2002-03-19T00:00:00","guid":{"rendered":"https:\/\/miners.rocks\/product\/boulder-opal-australien-2\/"},"modified":"2020-05-19T17:02:32","modified_gmt":"2020-05-19T17:02:32","slug":"boulder-opal-australie-2","status":"publish","type":"product","link":"https:\/\/westgem.shop\/fr\/produit\/boulder-opal-australie-2\/","title":{"rendered":"BOULDER OPAL - Australie"},"content":{"rendered":"<p>BOULDER EDELOPAL - PIERRE BRUTE<\/p>\n<p>Belles couleurs OPAL blanc-rose \u00e0 bleu.<\/p>\n<p>Fundopr : QUILPIE - QUEENSLAND OPAL FIELDS - Australie<\/p>\n<p>Poids : 26 g Dimensions : 4 x 4 x 1 cm<\/p>\n<p>En bas et sur le c\u00f4t\u00e9 de la pierre brute - surfaces de coupe<\/p>","protected":false},"excerpt":{"rendered":"<p>BOULDER EDELOPAL - PIERRE BRUTE Belles couleurs OPAL blanc-rose \u00e0 bleu. Fundopr : QUILPIE - QUEENSLAND OPAL FIELDS - Australie Poids : 26 g Dimensions : 4 x 4 x 1 cm En bas et sur le c\u00f4t\u00e9 de la pierre brute - face de coupe<\/p>","protected":false},"featured_media":4701,"template":"","meta":{"_acf_changed":false},"region":[],"product_brand":[],"product_cat":[15],"product_tag":[],"class_list":{"0":"post-2847","1":"product","2":"type-product","3":"status-publish","4":"has-post-thumbnail","6":"product_cat-mineralien","8":"first","9":"outofstock","10":"sold-individually","11":"product-type-simple"},"acf":[],"_links":{"self":[{"href":"https:\/\/westgem.shop\/fr\/wp-json\/wp\/v2\/product\/2847","targetHints":{"allow":["GET"]}}],"collection":[{"href":"https:\/\/westgem.shop\/fr\/wp-json\/wp\/v2\/product"}],"about":[{"href":"https:\/\/westgem.shop\/fr\/wp-json\/wp\/v2\/types\/product"}],"wp:featuredmedia":[{"embeddable":true,"href":"https:\/\/westgem.shop\/fr\/wp-json\/wp\/v2\/media\/4701"}],"wp:attachment":[{"href":"https:\/\/westgem.shop\/fr\/wp-json\/wp\/v2\/media?parent=2847"}],"wp:term":[{"taxonomy":"region","embeddable":true,"href":"https:\/\/westgem.shop\/fr\/wp-json\/wp\/v2\/region?post=2847"},{"taxonomy":"product_brand","embeddable":true,"href":"https:\/\/westgem.shop\/fr\/wp-json\/wp\/v2\/product_brand?post=2847"},{"taxonomy":"product_cat","embeddable":true,"href":"https:\/\/westgem.shop\/fr\/wp-json\/wp\/v2\/product_cat?post=2847"},{"taxonomy":"product_tag","embeddable":true,"href":"https:\/\/westgem.shop\/fr\/wp-json\/wp\/v2\/product_tag?post=2847"}],"curies":[{"name":"wp","href":"https:\/\/api.w.org\/{rel}","templated":true}]}}