{"id":2848,"date":"2002-03-20T00:00:00","date_gmt":"2002-03-20T00:00:00","guid":{"rendered":"https:\/\/miners.rocks\/product\/edel-opal-rohstein\/"},"modified":"2020-05-19T17:02:32","modified_gmt":"2020-05-19T17:02:32","slug":"pierre-brute-opale-noble","status":"publish","type":"product","link":"https:\/\/westgem.shop\/fr\/produit\/pierre-brute-opale-noble\/","title":{"rendered":"EDEL OPAL - Pierre brute"},"content":{"rendered":"<p>Belle pierre brute BOULDER OPAL avec de bonnes couleurs et, selon l'incidence de la lumi\u00e8re, quelques \"spots\" d'autres couleurs.<\/p>\n<p>Lieu de d\u00e9couverte : 45 g Dimensions : 5,5 x 3 x 2 cm<\/p>\n<p>Surfaces de coupe en bas sur 2 c\u00f4t\u00e9s<\/p>","protected":false},"excerpt":{"rendered":"<p>Belle pierre brute BOULDER OPAL avec de bonnes couleurs et selon l'incidence de la lumi\u00e8re quelques \"spots\" dans d'autres couleurs. Lieu de d\u00e9couverte: : 45 g Dimensions : 5,5 x 3 x 2 cm En bas, sur 2 c\u00f4t\u00e9s, des surfaces de coupe<\/p>","protected":false},"featured_media":4704,"template":"","meta":{"_acf_changed":false},"region":[],"product_brand":[],"product_cat":[15],"product_tag":[],"class_list":{"0":"post-2848","1":"product","2":"type-product","3":"status-publish","4":"has-post-thumbnail","6":"product_cat-mineralien","8":"first","9":"outofstock","10":"sold-individually","11":"product-type-simple"},"acf":[],"_links":{"self":[{"href":"https:\/\/westgem.shop\/fr\/wp-json\/wp\/v2\/product\/2848","targetHints":{"allow":["GET"]}}],"collection":[{"href":"https:\/\/westgem.shop\/fr\/wp-json\/wp\/v2\/product"}],"about":[{"href":"https:\/\/westgem.shop\/fr\/wp-json\/wp\/v2\/types\/product"}],"wp:featuredmedia":[{"embeddable":true,"href":"https:\/\/westgem.shop\/fr\/wp-json\/wp\/v2\/media\/4704"}],"wp:attachment":[{"href":"https:\/\/westgem.shop\/fr\/wp-json\/wp\/v2\/media?parent=2848"}],"wp:term":[{"taxonomy":"region","embeddable":true,"href":"https:\/\/westgem.shop\/fr\/wp-json\/wp\/v2\/region?post=2848"},{"taxonomy":"product_brand","embeddable":true,"href":"https:\/\/westgem.shop\/fr\/wp-json\/wp\/v2\/product_brand?post=2848"},{"taxonomy":"product_cat","embeddable":true,"href":"https:\/\/westgem.shop\/fr\/wp-json\/wp\/v2\/product_cat?post=2848"},{"taxonomy":"product_tag","embeddable":true,"href":"https:\/\/westgem.shop\/fr\/wp-json\/wp\/v2\/product_tag?post=2848"}],"curies":[{"name":"wp","href":"https:\/\/api.w.org\/{rel}","templated":true}]}}