{"id":2863,"date":"2002-04-04T00:00:00","date_gmt":"2002-04-04T00:00:00","guid":{"rendered":"https:\/\/miners.rocks\/product\/rote-turmaline-xx-nigeria\/"},"modified":"2020-05-19T17:02:41","modified_gmt":"2020-05-19T17:02:41","slug":"tourmaline-rouge-xx-nigeria","status":"publish","type":"product","link":"https:\/\/westgem.shop\/fr\/produit\/tourmaline-rouge-xx-nigeria\/","title":{"rendered":"TURMALINE rouge xx - NIGERIA"},"content":{"rendered":"<p>TURMALINE ROUGE en PEGMATITE avec LUMI\u00c8RE et quartz<\/p>\n<p>ELBAIT TURMALIN xx : Var. RUBELLIT<\/p>\n<p>localisation de la trouvaille : JOS PLATEAU - NIGERIA<\/p>\n<p>Poids : 300 g Dimensions : 9 x 5,5 x 5 cm<\/p>\n<p>Surface de coupe d'un c\u00f4t\u00e9 - brut<\/p>","protected":false},"excerpt":{"rendered":"<p>TURMALINE ROUGE en PEGMATITE avec LUMI\u00c8RE et quartz ELBA\u00cfTE TURMALINE xx : Var. RUBELLITE Lieu de d\u00e9couverte : JOS PLATEAU - NIGERIA Poids : 300 g Dimensions : 9 x 5,5 x 5 cm Surface de coupe unilat\u00e9rale - brute<\/p>","protected":false},"featured_media":4754,"template":"","meta":{"_acf_changed":false},"region":[],"product_brand":[],"product_cat":[15],"product_tag":[],"class_list":{"0":"post-2863","1":"product","2":"type-product","3":"status-publish","4":"has-post-thumbnail","6":"product_cat-mineralien","8":"first","9":"outofstock","10":"sold-individually","11":"product-type-simple"},"acf":[],"_links":{"self":[{"href":"https:\/\/westgem.shop\/fr\/wp-json\/wp\/v2\/product\/2863","targetHints":{"allow":["GET"]}}],"collection":[{"href":"https:\/\/westgem.shop\/fr\/wp-json\/wp\/v2\/product"}],"about":[{"href":"https:\/\/westgem.shop\/fr\/wp-json\/wp\/v2\/types\/product"}],"wp:featuredmedia":[{"embeddable":true,"href":"https:\/\/westgem.shop\/fr\/wp-json\/wp\/v2\/media\/4754"}],"wp:attachment":[{"href":"https:\/\/westgem.shop\/fr\/wp-json\/wp\/v2\/media?parent=2863"}],"wp:term":[{"taxonomy":"region","embeddable":true,"href":"https:\/\/westgem.shop\/fr\/wp-json\/wp\/v2\/region?post=2863"},{"taxonomy":"product_brand","embeddable":true,"href":"https:\/\/westgem.shop\/fr\/wp-json\/wp\/v2\/product_brand?post=2863"},{"taxonomy":"product_cat","embeddable":true,"href":"https:\/\/westgem.shop\/fr\/wp-json\/wp\/v2\/product_cat?post=2863"},{"taxonomy":"product_tag","embeddable":true,"href":"https:\/\/westgem.shop\/fr\/wp-json\/wp\/v2\/product_tag?post=2863"}],"curies":[{"name":"wp","href":"https:\/\/api.w.org\/{rel}","templated":true}]}}