{"id":2864,"date":"2002-04-05T00:00:00","date_gmt":"2002-04-05T00:00:00","guid":{"rendered":"https:\/\/miners.rocks\/product\/rote-turmaline-in-pegmatit\/"},"modified":"2020-05-19T17:02:42","modified_gmt":"2020-05-19T17:02:42","slug":"tourmaline-rouge-en-pegmatite","status":"publish","type":"product","link":"https:\/\/westgem.shop\/fr\/produit\/tourmaline-rouge-en-pegmatite\/","title":{"rendered":"TURMALINE ROUGE \u00e0 'PEGMATIT"},"content":{"rendered":"<p>Cristaux de TURMALINE rouge en PEGMATITE avec mica.<\/p>\n<p>localisation de la trouvaille ; JOS PLATEAU - NIGERIA<\/p>\n<p>Coup\u00e9 d'un c\u00f4t\u00e9<\/p>\n<p>Poids : 240 g Dimensions : 9 x 6 x 4 cm<\/p>","protected":false},"excerpt":{"rendered":"<p>Critales rouges de TURMALINE en PEGMATITE avec mica. Lieu de d\u00e9couverte : JOS PLATEAU - NIGERIA D\u00e9coupe d'un c\u00f4t\u00e9 Poids : 240 g Dimensions : 9 x 6 x 4 cm<\/p>","protected":false},"featured_media":4759,"template":"","meta":{"_acf_changed":false},"region":[],"product_brand":[],"product_cat":[15],"product_tag":[],"class_list":{"0":"post-2864","1":"product","2":"type-product","3":"status-publish","4":"has-post-thumbnail","6":"product_cat-mineralien","8":"first","9":"outofstock","10":"sold-individually","11":"product-type-simple"},"acf":[],"_links":{"self":[{"href":"https:\/\/westgem.shop\/fr\/wp-json\/wp\/v2\/product\/2864","targetHints":{"allow":["GET"]}}],"collection":[{"href":"https:\/\/westgem.shop\/fr\/wp-json\/wp\/v2\/product"}],"about":[{"href":"https:\/\/westgem.shop\/fr\/wp-json\/wp\/v2\/types\/product"}],"wp:featuredmedia":[{"embeddable":true,"href":"https:\/\/westgem.shop\/fr\/wp-json\/wp\/v2\/media\/4759"}],"wp:attachment":[{"href":"https:\/\/westgem.shop\/fr\/wp-json\/wp\/v2\/media?parent=2864"}],"wp:term":[{"taxonomy":"region","embeddable":true,"href":"https:\/\/westgem.shop\/fr\/wp-json\/wp\/v2\/region?post=2864"},{"taxonomy":"product_brand","embeddable":true,"href":"https:\/\/westgem.shop\/fr\/wp-json\/wp\/v2\/product_brand?post=2864"},{"taxonomy":"product_cat","embeddable":true,"href":"https:\/\/westgem.shop\/fr\/wp-json\/wp\/v2\/product_cat?post=2864"},{"taxonomy":"product_tag","embeddable":true,"href":"https:\/\/westgem.shop\/fr\/wp-json\/wp\/v2\/product_tag?post=2864"}],"curies":[{"name":"wp","href":"https:\/\/api.w.org\/{rel}","templated":true}]}}