{"id":2865,"date":"2002-04-06T00:00:00","date_gmt":"2002-04-06T00:00:00","guid":{"rendered":"https:\/\/miners.rocks\/product\/almandin-granat-xx-hornkees-zillertal\/"},"modified":"2020-05-19T17:02:43","modified_gmt":"2020-05-19T17:02:43","slug":"almandin-granat-xx-hornkees-zillertal","status":"publish","type":"product","link":"https:\/\/westgem.shop\/fr\/produit\/almandin-granat-xx-hornkees-zillertal\/","title":{"rendered":"ALMANDIN GRANAT xx - HORNKEES\/ZILLERTAL"},"content":{"rendered":"<p>GRANATS ALMANDINS avec des CRISTALLES ROUGES translucides sur les bords.<\/p>\n<p>La marche n'est PAS pr\u00e9par\u00e9e, comme on peut le voir habituellement. Cela signifie que les cristaux de grenat sont extraits du micaschiste \u00e0 l'aide de burins.<\/p>\n<p>Ce niveau est dans son \u00e9tat de d\u00e9couverte d'origine, les cristaux d'ALMANDIN isol\u00e9s sont aussi en partie recouverts de mica d'aluminium. Quelques cristaux de GRANAT se trouvent encore dans la matrice d'ardoise, mais ils n'ont pas \u00e9t\u00e9 d\u00e9gag\u00e9s.<\/p>\n<p>Ancienne trouvaille du c\u00e9l\u00e8bre site de GRANAT ALPIN au HORNKEES \u00e0 ZILLERTAL - TIROL<\/p>\n<p>Poids de la marche est : 730 g Dimensions : 15 x 8 x 7 cm<\/p>","protected":false},"excerpt":{"rendered":"<p>GRANATS ALMANDINS avec des CRISTALLES ROUGES translucides sur les bords. La marche n'est PAS pr\u00e9par\u00e9e, comme on peut le voir habituellement. Cela signifie que les cristaux de grenat ont \u00e9t\u00e9 extraits du mica \u00e0 l'aide de burins. Ce niveau est \u00e0 l'\u00e9tat original de la d\u00e9couverte, les cristaux d'ALMANDIN isol\u00e9s sont en partie recouverts de mica d'aluminium. Quelques cristaux de GRANAT se trouvent encore dans la matrice de schiste, mais [...].<\/p>","protected":false},"featured_media":4763,"template":"","meta":{"_acf_changed":false},"region":[],"product_brand":[],"product_cat":[15],"product_tag":[],"class_list":{"0":"post-2865","1":"product","2":"type-product","3":"status-publish","4":"has-post-thumbnail","6":"product_cat-mineralien","8":"first","9":"outofstock","10":"sold-individually","11":"product-type-simple"},"acf":[],"_links":{"self":[{"href":"https:\/\/westgem.shop\/fr\/wp-json\/wp\/v2\/product\/2865","targetHints":{"allow":["GET"]}}],"collection":[{"href":"https:\/\/westgem.shop\/fr\/wp-json\/wp\/v2\/product"}],"about":[{"href":"https:\/\/westgem.shop\/fr\/wp-json\/wp\/v2\/types\/product"}],"wp:featuredmedia":[{"embeddable":true,"href":"https:\/\/westgem.shop\/fr\/wp-json\/wp\/v2\/media\/4763"}],"wp:attachment":[{"href":"https:\/\/westgem.shop\/fr\/wp-json\/wp\/v2\/media?parent=2865"}],"wp:term":[{"taxonomy":"region","embeddable":true,"href":"https:\/\/westgem.shop\/fr\/wp-json\/wp\/v2\/region?post=2865"},{"taxonomy":"product_brand","embeddable":true,"href":"https:\/\/westgem.shop\/fr\/wp-json\/wp\/v2\/product_brand?post=2865"},{"taxonomy":"product_cat","embeddable":true,"href":"https:\/\/westgem.shop\/fr\/wp-json\/wp\/v2\/product_cat?post=2865"},{"taxonomy":"product_tag","embeddable":true,"href":"https:\/\/westgem.shop\/fr\/wp-json\/wp\/v2\/product_tag?post=2865"}],"curies":[{"name":"wp","href":"https:\/\/api.w.org\/{rel}","templated":true}]}}