{"id":2867,"date":"2002-04-08T00:00:00","date_gmt":"2002-04-08T00:00:00","guid":{"rendered":"https:\/\/miners.rocks\/product\/sodalith-bolivien\/"},"modified":"2020-05-19T17:02:44","modified_gmt":"2020-05-19T17:02:44","slug":"sodalite-bolivie","status":"publish","type":"product","link":"https:\/\/westgem.shop\/fr\/produit\/sodalite-bolivie\/","title":{"rendered":"SODALITH - BOLIVIE"},"content":{"rendered":"<p>Pierre brute SODALITH avec de belles couleurs bleues - pas comme beaucoup de SODALITHES d'autres sites : gris-bleu - et des PARTIES DE CALCITANE blanches<\/p>\n<p>CERRO SAN CHRISTOBAL - BOLIVIE<\/p>\n<p>Poids : 430 g Dimensions : 9 x7,5 x 5 cm<\/p>\n<p>sur 3 c\u00f4t\u00e9s surfaces de coupe - non polies.<\/p>","protected":false},"excerpt":{"rendered":"<p>Pierre brute SODALITH avec de belles couleurs bleues - pas comme beaucoup de SODALITHES d'autres endroits : gris-bleu - et des PI\u00c8CES CALCITANES blanches CERRO SAN CHRISTOBAL - BOLIVIEN Poids : 430 g Dimensions : 9 x7,5 x 5 cm sur 3 c\u00f4t\u00e9s Surfaces de coupe - non polies.<\/p>","protected":false},"featured_media":4771,"template":"","meta":{"_acf_changed":false},"region":[],"product_brand":[],"product_cat":[15],"product_tag":[],"class_list":{"0":"post-2867","1":"product","2":"type-product","3":"status-publish","4":"has-post-thumbnail","6":"product_cat-mineralien","8":"first","9":"outofstock","10":"sold-individually","11":"product-type-simple"},"acf":[],"_links":{"self":[{"href":"https:\/\/westgem.shop\/fr\/wp-json\/wp\/v2\/product\/2867","targetHints":{"allow":["GET"]}}],"collection":[{"href":"https:\/\/westgem.shop\/fr\/wp-json\/wp\/v2\/product"}],"about":[{"href":"https:\/\/westgem.shop\/fr\/wp-json\/wp\/v2\/types\/product"}],"wp:featuredmedia":[{"embeddable":true,"href":"https:\/\/westgem.shop\/fr\/wp-json\/wp\/v2\/media\/4771"}],"wp:attachment":[{"href":"https:\/\/westgem.shop\/fr\/wp-json\/wp\/v2\/media?parent=2867"}],"wp:term":[{"taxonomy":"region","embeddable":true,"href":"https:\/\/westgem.shop\/fr\/wp-json\/wp\/v2\/region?post=2867"},{"taxonomy":"product_brand","embeddable":true,"href":"https:\/\/westgem.shop\/fr\/wp-json\/wp\/v2\/product_brand?post=2867"},{"taxonomy":"product_cat","embeddable":true,"href":"https:\/\/westgem.shop\/fr\/wp-json\/wp\/v2\/product_cat?post=2867"},{"taxonomy":"product_tag","embeddable":true,"href":"https:\/\/westgem.shop\/fr\/wp-json\/wp\/v2\/product_tag?post=2867"}],"curies":[{"name":"wp","href":"https:\/\/api.w.org\/{rel}","templated":true}]}}