{"id":2868,"date":"2002-04-09T00:00:00","date_gmt":"2002-04-09T00:00:00","guid":{"rendered":"https:\/\/miners.rocks\/product\/orange-river-jaspis-roh\/"},"modified":"2020-05-19T17:02:44","modified_gmt":"2020-05-19T17:02:44","slug":"orange-river-jaspis-brut","status":"publish","type":"product","link":"https:\/\/westgem.shop\/fr\/produit\/orange-river-jaspis-brut\/","title":{"rendered":"Orange River Jaspis - ROH"},"content":{"rendered":"<p>Pierre brute jaspe - couleur rouge brique avec des veines de quartz blanc.<\/p>\n<p>Mat\u00e9riau tr\u00e8s compact - bon produit abrasif !<\/p>\n<p>localisation de la trouvaille : Van Roois Vley - ORANGE RIVER - AFRIQUE DU SUD<\/p>\n<p>Poids : 840 g Dimensions : 15 x 10 x 7 cm<\/p>","protected":false},"excerpt":{"rendered":"<p>Pierre brute jaspe - couleur rouge brique avec des veines de quartz blanc. Mat\u00e9riau tr\u00e8s compact - bonne taille ! Lieu de d\u00e9couverte : Van Roois Vley - ORANGE RIVER - AFRIQUE DU SUD Poids : 840 g Dimensions : 15 x 10 x 7 cm<\/p>","protected":false},"featured_media":4774,"template":"","meta":{"_acf_changed":false},"region":[],"product_brand":[],"product_cat":[15],"product_tag":[],"class_list":{"0":"post-2868","1":"product","2":"type-product","3":"status-publish","4":"has-post-thumbnail","6":"product_cat-mineralien","8":"first","9":"outofstock","10":"sold-individually","11":"product-type-simple"},"acf":[],"_links":{"self":[{"href":"https:\/\/westgem.shop\/fr\/wp-json\/wp\/v2\/product\/2868","targetHints":{"allow":["GET"]}}],"collection":[{"href":"https:\/\/westgem.shop\/fr\/wp-json\/wp\/v2\/product"}],"about":[{"href":"https:\/\/westgem.shop\/fr\/wp-json\/wp\/v2\/types\/product"}],"wp:featuredmedia":[{"embeddable":true,"href":"https:\/\/westgem.shop\/fr\/wp-json\/wp\/v2\/media\/4774"}],"wp:attachment":[{"href":"https:\/\/westgem.shop\/fr\/wp-json\/wp\/v2\/media?parent=2868"}],"wp:term":[{"taxonomy":"region","embeddable":true,"href":"https:\/\/westgem.shop\/fr\/wp-json\/wp\/v2\/region?post=2868"},{"taxonomy":"product_brand","embeddable":true,"href":"https:\/\/westgem.shop\/fr\/wp-json\/wp\/v2\/product_brand?post=2868"},{"taxonomy":"product_cat","embeddable":true,"href":"https:\/\/westgem.shop\/fr\/wp-json\/wp\/v2\/product_cat?post=2868"},{"taxonomy":"product_tag","embeddable":true,"href":"https:\/\/westgem.shop\/fr\/wp-json\/wp\/v2\/product_tag?post=2868"}],"curies":[{"name":"wp","href":"https:\/\/api.w.org\/{rel}","templated":true}]}}