{"id":2871,"date":"2002-04-12T00:00:00","date_gmt":"2002-04-12T00:00:00","guid":{"rendered":"https:\/\/miners.rocks\/product\/super-opal-rohstein-australien\/"},"modified":"2020-05-19T17:02:47","modified_gmt":"2020-05-19T17:02:47","slug":"pierre-brute-super-opale-australie","status":"publish","type":"product","link":"https:\/\/westgem.shop\/fr\/produit\/pierre-brute-super-opale-australie\/","title":{"rendered":"SUPER OPAL pierre brute - Australie"},"content":{"rendered":"<p>Pierre brute AUSTRALIENNE EDEL OPAL - tr\u00e8s grande et d\u00e9corative.<\/p>\n<p>Les OPALE BOULDER sont des OPALE EDEL MATRIX. Les veines OPAL sont pos\u00e9es sur ou comme des veines OPAL dans un gr\u00e8s argileux contenant du fer.<\/p>\n<p>Ce ROHOPAL extr\u00eamement attrayant est parcouru de veines sur tout son pourtour et sa surface pr\u00e9sente plusieurs surfaces OPAL qui ressemblent visuellement \u00e0 du gel. <\/p>\n<p>Dans les veines bleues profondes d'OPAL, de tr\u00e8s nombreux \"GREEN SPOTS\" brillent, selon l'incidence de la lumi\u00e8re.<\/p>\n<p>localisation de la trouvaille : QUILPIE OPAL FIELDS - SOUTH WEST QUEENSLAND<\/p>\n<p>Pour un OPAL BOULDER de cette taille et de cette qualit\u00e9, il faut aller dans un magasin \u00e0 SYDNEY ou MELBOURNE - MINIMUM 500 dollars !<\/p>\n<p>C'\u00e9tait la SEULE pierre brute vraiment grande dans le nouveau lot, car il est tr\u00e8s difficile d'en trouver, car les tailleurs d'opale coupent g\u00e9n\u00e9ralement de grandes \u00e9bauches et taillent les bonnes parties en chouchou, ce qui donne toujours un b\u00e9n\u00e9fice beaucoup plus important.<\/p>\n<p>Cette merveille p\u00e8se : 0,91 kilogramme soit 910 g<\/p>\n<p>Dimensions : 14 x 13 x 9 cm<\/p>\n<p><u>Beaucoup d'autres BOULDER OPALE de ce nouveau lot sont \u00e0 voir dans la cat\u00e9gorie ; MINERAIS D'AUSTRALIE<\/u> <\/p>","protected":false},"excerpt":{"rendered":"<p>OPAL noble australien brut - tr\u00e8s grand et d\u00e9coratif. Les OPALE BOULDER sont des OPALE EDEL MATRIX. Les veines d'OPAL se trouvent sur ou dans un gr\u00e8s argileux ferrugineux. Cet OPAL brut extr\u00eamement attrayant est parcouru de veines sur tout son pourtour et sa surface pr\u00e9sente plusieurs surfaces OPAL qui ressemblent visuellement \u00e0 du gel. Dans les veines OPAL d'un bleu profond, [...].<\/p>","protected":false},"featured_media":4786,"template":"","meta":{"_acf_changed":false},"region":[],"product_brand":[],"product_cat":[15],"product_tag":[],"class_list":{"0":"post-2871","1":"product","2":"type-product","3":"status-publish","4":"has-post-thumbnail","6":"product_cat-mineralien","8":"first","9":"outofstock","10":"sold-individually","11":"product-type-simple"},"acf":[],"_links":{"self":[{"href":"https:\/\/westgem.shop\/fr\/wp-json\/wp\/v2\/product\/2871","targetHints":{"allow":["GET"]}}],"collection":[{"href":"https:\/\/westgem.shop\/fr\/wp-json\/wp\/v2\/product"}],"about":[{"href":"https:\/\/westgem.shop\/fr\/wp-json\/wp\/v2\/types\/product"}],"wp:featuredmedia":[{"embeddable":true,"href":"https:\/\/westgem.shop\/fr\/wp-json\/wp\/v2\/media\/4786"}],"wp:attachment":[{"href":"https:\/\/westgem.shop\/fr\/wp-json\/wp\/v2\/media?parent=2871"}],"wp:term":[{"taxonomy":"region","embeddable":true,"href":"https:\/\/westgem.shop\/fr\/wp-json\/wp\/v2\/region?post=2871"},{"taxonomy":"product_brand","embeddable":true,"href":"https:\/\/westgem.shop\/fr\/wp-json\/wp\/v2\/product_brand?post=2871"},{"taxonomy":"product_cat","embeddable":true,"href":"https:\/\/westgem.shop\/fr\/wp-json\/wp\/v2\/product_cat?post=2871"},{"taxonomy":"product_tag","embeddable":true,"href":"https:\/\/westgem.shop\/fr\/wp-json\/wp\/v2\/product_tag?post=2871"}],"curies":[{"name":"wp","href":"https:\/\/api.w.org\/{rel}","templated":true}]}}