{"id":2872,"date":"2002-04-13T00:00:00","date_gmt":"2002-04-13T00:00:00","guid":{"rendered":"https:\/\/miners.rocks\/product\/australien-edel-opal-roh\/"},"modified":"2020-05-19T17:02:47","modified_gmt":"2020-05-19T17:02:47","slug":"australie-noble-opale-brute","status":"publish","type":"product","link":"https:\/\/westgem.shop\/fr\/produit\/australie-noble-opale-brute\/","title":{"rendered":"Australie EDEL OPAL - ROH"},"content":{"rendered":"<p>\n\tTr\u00e8s grand, super beau BOULDER EDELOPAL .<\/p>\n<p>\n\tLes surfaces g\u00e9lifi\u00e9es d'OPAL sur la matrice argileuse de gr\u00e8s ferrugineux sont de couleur claire \u00e0 bleu fonc\u00e9, une nervure <u>avec de nombreux GREEN SPOTS<\/u> Selon l'incidence de la lumi\u00e8re, il y a des \u00e9clairs.<\/p>\n<p>\n\tdes QUILPIE OPAL FIELDS<\/p>\n<p>\n\tSOUTH WEST QEENSLAND - Australie<\/p>\n<p>\n\tPoids : 270 g Dimensions : 9 x 5 x 3,5 cm<\/p>\n<p>\n\tLa derni\u00e8re image montre la face inf\u00e9rieure de la QUILPIE BOULDER OPAL MATRIX typique.<\/p>","protected":false},"excerpt":{"rendered":"<p>Tr\u00e8s grand et tr\u00e8s beau BOULDER EDELOPAL . Les surfaces g\u00e9lifi\u00e9es d'OPAL sur la matrice d'argile de gr\u00e8s ferrugineux sont de couleur claire \u00e0 bleu fonc\u00e9, une veine avec de nombreux GREEN SPOTS traverse la surface d'OPAL. Selon l'incidence de la lumi\u00e8re, il ne fait qu'\u00e9tinceler. des QUILPIE OPAL FIELDS SOUTH WEST QEENSLAND - Australie Poids : 270 g Dimensions : 9 [...].<\/p>","protected":false},"featured_media":4792,"template":"","meta":{"_acf_changed":false},"region":[],"product_brand":[],"product_cat":[15],"product_tag":[],"class_list":{"0":"post-2872","1":"product","2":"type-product","3":"status-publish","4":"has-post-thumbnail","6":"product_cat-mineralien","8":"first","9":"outofstock","10":"sold-individually","11":"product-type-simple"},"acf":[],"_links":{"self":[{"href":"https:\/\/westgem.shop\/fr\/wp-json\/wp\/v2\/product\/2872","targetHints":{"allow":["GET"]}}],"collection":[{"href":"https:\/\/westgem.shop\/fr\/wp-json\/wp\/v2\/product"}],"about":[{"href":"https:\/\/westgem.shop\/fr\/wp-json\/wp\/v2\/types\/product"}],"wp:featuredmedia":[{"embeddable":true,"href":"https:\/\/westgem.shop\/fr\/wp-json\/wp\/v2\/media\/4792"}],"wp:attachment":[{"href":"https:\/\/westgem.shop\/fr\/wp-json\/wp\/v2\/media?parent=2872"}],"wp:term":[{"taxonomy":"region","embeddable":true,"href":"https:\/\/westgem.shop\/fr\/wp-json\/wp\/v2\/region?post=2872"},{"taxonomy":"product_brand","embeddable":true,"href":"https:\/\/westgem.shop\/fr\/wp-json\/wp\/v2\/product_brand?post=2872"},{"taxonomy":"product_cat","embeddable":true,"href":"https:\/\/westgem.shop\/fr\/wp-json\/wp\/v2\/product_cat?post=2872"},{"taxonomy":"product_tag","embeddable":true,"href":"https:\/\/westgem.shop\/fr\/wp-json\/wp\/v2\/product_tag?post=2872"}],"curies":[{"name":"wp","href":"https:\/\/api.w.org\/{rel}","templated":true}]}}