{"id":2873,"date":"2002-04-14T00:00:00","date_gmt":"2002-04-14T00:00:00","guid":{"rendered":"https:\/\/miners.rocks\/product\/edel-opal-boulder\/"},"modified":"2020-05-19T17:02:48","modified_gmt":"2020-05-19T17:02:48","slug":"edel-opal-boulder","status":"publish","type":"product","link":"https:\/\/westgem.shop\/fr\/produit\/edel-opal-boulder\/","title":{"rendered":"EDEL OPAL - BOULDER"},"content":{"rendered":"<p>BOULDER australien - EDELOPAL<\/p>\n<p>Les OPALES BOULDER sont des OPALES MATRIQUES - les parties EDELOPALES se trouvent sur ou dans des veines dans une matrice d'argile et de gr\u00e8s contenant du fer.<\/p>\n<p>Magnifique OPAL bleu fonc\u00e9 avec, selon l'incidence de la lumi\u00e8re, des \"GREEN SPOTS\" clignotants sur et dans la matrice de gr\u00e8s typique de QUILPIE.<\/p>\n<p>QUILPIE OPAL FIELDS - QUEENSLAND - Australie<\/p>\n<p>Poids : 330 g Dimensions : 12 x5 x 4 cm<\/p>\n<p>Tr\u00e8s bon prix en ligne !<\/p>","protected":false},"excerpt":{"rendered":"<p>BOULDER australien - EDELOPAL Les OPALES BOULDER sont des OPALES MATRIX - les parties EDELOPAL sont situ\u00e9es sur ou dans des veines dans une matrice de gr\u00e8s argileux contenant du fer. Un OPAL d'un beau bleu fonc\u00e9 avec, selon l'incidence de la lumi\u00e8re, des \"GREEN SPOTS\" clignotants sur et dans la matrice de gr\u00e8s typique de QUILPIE. QUILPIE OPAL FIELDS - QUEENSLAND - Australie Poids : 330 g Dimensions : 12 x5 [...]<\/p>","protected":false},"featured_media":4798,"template":"","meta":{"_acf_changed":false},"region":[],"product_brand":[],"product_cat":[15],"product_tag":[],"class_list":{"0":"post-2873","1":"product","2":"type-product","3":"status-publish","4":"has-post-thumbnail","6":"product_cat-mineralien","8":"first","9":"outofstock","10":"sold-individually","11":"product-type-simple"},"acf":[],"_links":{"self":[{"href":"https:\/\/westgem.shop\/fr\/wp-json\/wp\/v2\/product\/2873","targetHints":{"allow":["GET"]}}],"collection":[{"href":"https:\/\/westgem.shop\/fr\/wp-json\/wp\/v2\/product"}],"about":[{"href":"https:\/\/westgem.shop\/fr\/wp-json\/wp\/v2\/types\/product"}],"wp:featuredmedia":[{"embeddable":true,"href":"https:\/\/westgem.shop\/fr\/wp-json\/wp\/v2\/media\/4798"}],"wp:attachment":[{"href":"https:\/\/westgem.shop\/fr\/wp-json\/wp\/v2\/media?parent=2873"}],"wp:term":[{"taxonomy":"region","embeddable":true,"href":"https:\/\/westgem.shop\/fr\/wp-json\/wp\/v2\/region?post=2873"},{"taxonomy":"product_brand","embeddable":true,"href":"https:\/\/westgem.shop\/fr\/wp-json\/wp\/v2\/product_brand?post=2873"},{"taxonomy":"product_cat","embeddable":true,"href":"https:\/\/westgem.shop\/fr\/wp-json\/wp\/v2\/product_cat?post=2873"},{"taxonomy":"product_tag","embeddable":true,"href":"https:\/\/westgem.shop\/fr\/wp-json\/wp\/v2\/product_tag?post=2873"}],"curies":[{"name":"wp","href":"https:\/\/api.w.org\/{rel}","templated":true}]}}