{"id":2874,"date":"2002-04-15T00:00:00","date_gmt":"2002-04-15T00:00:00","guid":{"rendered":"https:\/\/miners.rocks\/product\/dendriten-chalcedon-mueckenstein-roh\/"},"modified":"2020-05-19T17:02:49","modified_gmt":"2020-05-19T17:02:49","slug":"dendrites-calcedoine-mueckenstein-brutes","status":"publish","type":"product","link":"https:\/\/westgem.shop\/fr\/produit\/dendrites-calcedoine-mueckenstein-brutes\/","title":{"rendered":"Dendrites CHALCEDON \"Pierre de moustique\" ROH"},"content":{"rendered":"<p>Pierre brute DENDRITES CHALCEDON OPALITH dite \"PIERRE DE MULTIPLE<\/p>\n<p>Dans ces vari\u00e9t\u00e9s, les dendrites ressemblant \u00e0 des mousses ne sont pr\u00e9sentes qu'en petites parties, ce qui leur donne l'aspect de moustiques sur une pierre, d'o\u00f9 le nom de \"Mosquito Stone\" en anglais.<\/p>\n<p>Pierre brute du NORD OUEST de l'Australie<\/p>\n<p>Poids : 120 g Dimensions : 8 x7 x 4 cm<\/p>","protected":false},"excerpt":{"rendered":"<p>Pierre brute DENDRITES CHALCEDON OPALITH dite \"PIERRE MEQUIN\" Dans ces vari\u00e9t\u00e9s, les dendrites ressemblant \u00e0 des mousses ne sont pr\u00e9sentes qu'en petites parties, ce qui leur donne l'aspect de moustiques sur la pierre, le nom en anglais est \"Mosquito Stone\" Pierre brute du NORD OUEST de l'Australie Poids : 120 g Dimensions : 8 x7 x 4 cm<\/p>","protected":false},"featured_media":4803,"template":"","meta":{"_acf_changed":false},"region":[],"product_brand":[],"product_cat":[15],"product_tag":[],"class_list":{"0":"post-2874","1":"product","2":"type-product","3":"status-publish","4":"has-post-thumbnail","6":"product_cat-mineralien","8":"first","9":"outofstock","10":"sold-individually","11":"product-type-simple"},"acf":[],"_links":{"self":[{"href":"https:\/\/westgem.shop\/fr\/wp-json\/wp\/v2\/product\/2874","targetHints":{"allow":["GET"]}}],"collection":[{"href":"https:\/\/westgem.shop\/fr\/wp-json\/wp\/v2\/product"}],"about":[{"href":"https:\/\/westgem.shop\/fr\/wp-json\/wp\/v2\/types\/product"}],"wp:featuredmedia":[{"embeddable":true,"href":"https:\/\/westgem.shop\/fr\/wp-json\/wp\/v2\/media\/4803"}],"wp:attachment":[{"href":"https:\/\/westgem.shop\/fr\/wp-json\/wp\/v2\/media?parent=2874"}],"wp:term":[{"taxonomy":"region","embeddable":true,"href":"https:\/\/westgem.shop\/fr\/wp-json\/wp\/v2\/region?post=2874"},{"taxonomy":"product_brand","embeddable":true,"href":"https:\/\/westgem.shop\/fr\/wp-json\/wp\/v2\/product_brand?post=2874"},{"taxonomy":"product_cat","embeddable":true,"href":"https:\/\/westgem.shop\/fr\/wp-json\/wp\/v2\/product_cat?post=2874"},{"taxonomy":"product_tag","embeddable":true,"href":"https:\/\/westgem.shop\/fr\/wp-json\/wp\/v2\/product_tag?post=2874"}],"curies":[{"name":"wp","href":"https:\/\/api.w.org\/{rel}","templated":true}]}}