{"id":2875,"date":"2002-04-16T00:00:00","date_gmt":"2002-04-16T00:00:00","guid":{"rendered":"https:\/\/miners.rocks\/product\/haematit-roter-glaskopf-bad-lauternberg\/"},"modified":"2020-05-19T17:02:49","modified_gmt":"2020-05-19T17:02:49","slug":"haematite-tete-de-verre-rouge-bad-lauternberg","status":"publish","type":"product","link":"https:\/\/westgem.shop\/fr\/produit\/haematite-tete-de-verre-rouge-bad-lauternberg\/","title":{"rendered":"H\u00c9MATITE - T\u00caTE DE VERRE ROUGE - Bad Lauternberg"},"content":{"rendered":"<p>Grande marche T\u00caTE DE VERRE ROUGE - H\u00e9matite<\/p>\n<p>De la KNOLLENGRUBE BAD LAUTERNBERG en HARZ<\/p>\n<p>ALLEMAGNE<\/p>\n<p>Poids : 2,5 kilogrammes Dimensions : 20 x 14 x 7 cm<\/p>\n<p>E860<\/p>\n<p>La derni\u00e8re image montre le dessous de la marche - de la pierre de fer rouge massive.<\/p>","protected":false},"excerpt":{"rendered":"<p>Grande marche T\u00caTE DE VERRE ROUGE - H\u00e9matite De la KNOLLENGRUBE BAD LAUTERNBERG dans le HARZ ALLEMAGNE Poids : 2,5 kilogrammes Dimensions : 20 x 14 x 7 cm E860 La derni\u00e8re photo montre le dessous de la marche - pierre de fer rouge massive.<\/p>","protected":false},"featured_media":4806,"template":"","meta":{"_acf_changed":false},"region":[],"product_brand":[],"product_cat":[15],"product_tag":[],"class_list":{"0":"post-2875","1":"product","2":"type-product","3":"status-publish","4":"has-post-thumbnail","6":"product_cat-mineralien","8":"first","9":"outofstock","10":"sold-individually","11":"product-type-simple"},"acf":[],"_links":{"self":[{"href":"https:\/\/westgem.shop\/fr\/wp-json\/wp\/v2\/product\/2875","targetHints":{"allow":["GET"]}}],"collection":[{"href":"https:\/\/westgem.shop\/fr\/wp-json\/wp\/v2\/product"}],"about":[{"href":"https:\/\/westgem.shop\/fr\/wp-json\/wp\/v2\/types\/product"}],"wp:featuredmedia":[{"embeddable":true,"href":"https:\/\/westgem.shop\/fr\/wp-json\/wp\/v2\/media\/4806"}],"wp:attachment":[{"href":"https:\/\/westgem.shop\/fr\/wp-json\/wp\/v2\/media?parent=2875"}],"wp:term":[{"taxonomy":"region","embeddable":true,"href":"https:\/\/westgem.shop\/fr\/wp-json\/wp\/v2\/region?post=2875"},{"taxonomy":"product_brand","embeddable":true,"href":"https:\/\/westgem.shop\/fr\/wp-json\/wp\/v2\/product_brand?post=2875"},{"taxonomy":"product_cat","embeddable":true,"href":"https:\/\/westgem.shop\/fr\/wp-json\/wp\/v2\/product_cat?post=2875"},{"taxonomy":"product_tag","embeddable":true,"href":"https:\/\/westgem.shop\/fr\/wp-json\/wp\/v2\/product_tag?post=2875"}],"curies":[{"name":"wp","href":"https:\/\/api.w.org\/{rel}","templated":true}]}}