{"id":2876,"date":"2002-04-17T00:00:00","date_gmt":"2002-04-17T00:00:00","guid":{"rendered":"https:\/\/miners.rocks\/product\/malachit-spezial-stufe\/"},"modified":"2020-05-19T17:02:50","modified_gmt":"2020-05-19T17:02:50","slug":"malachite-niveau-special","status":"publish","type":"product","link":"https:\/\/westgem.shop\/fr\/produit\/malachite-niveau-special\/","title":{"rendered":"Malachite SP\u00c9CIALE - \u00c9TAPE"},"content":{"rendered":"<p>\u00e9e de la malachite.<\/p>\n<p>Agr\u00e9gats de malachite \u00e0 rayons radiaux - velout\u00e9 brillant , pseudomorphe transform\u00e9 en AZURITE. <\/p>\n<p>Dans des cavernes de DOLOMITE silicifi\u00e9e<\/p>\n<p>Le lieu de d\u00e9couverte de cette malachite SPECIALE est KERRUCHEN<\/p>\n<p>Montagnes de l'Atlas - AFRIQUE DU NORD<\/p>\n<p>Poids de la marche est : 229 g Dimensions : 8 x 8 x 4 cm<\/p>\n<p><u>PRIX R\u00c9DUIT !<\/u><\/p>\n<p> Le cluster de malachite mesure 4 cm de long<\/p>","protected":false},"excerpt":{"rendered":"<p>\u00e9e de malachite tr\u00e8s inhabituelle. Agr\u00e9gats de malachite \u00e0 rayons radiaux - velout\u00e9s et brillants, transform\u00e9s en pseudomorphes d'AZURITE. Dans des cavernes de DOLOMITE silicifi\u00e9e. Cette malachite sp\u00e9ciale a \u00e9t\u00e9 trouv\u00e9e dans les montagnes de l'Atlas de KERRUCHEN - AFRIQUE DU NORD Poids du niveau : 229 g Dimensions : 8 x 8 x 4 cm PRIX R\u00c9DUIT ! Le cluster de malachite mesure 4 cm de long.<\/p>","protected":false},"featured_media":4810,"template":"","meta":{"_acf_changed":false},"region":[],"product_brand":[],"product_cat":[15],"product_tag":[],"class_list":{"0":"post-2876","1":"product","2":"type-product","3":"status-publish","4":"has-post-thumbnail","6":"product_cat-mineralien","8":"first","9":"outofstock","10":"sold-individually","11":"product-type-simple"},"acf":[],"_links":{"self":[{"href":"https:\/\/westgem.shop\/fr\/wp-json\/wp\/v2\/product\/2876","targetHints":{"allow":["GET"]}}],"collection":[{"href":"https:\/\/westgem.shop\/fr\/wp-json\/wp\/v2\/product"}],"about":[{"href":"https:\/\/westgem.shop\/fr\/wp-json\/wp\/v2\/types\/product"}],"wp:featuredmedia":[{"embeddable":true,"href":"https:\/\/westgem.shop\/fr\/wp-json\/wp\/v2\/media\/4810"}],"wp:attachment":[{"href":"https:\/\/westgem.shop\/fr\/wp-json\/wp\/v2\/media?parent=2876"}],"wp:term":[{"taxonomy":"region","embeddable":true,"href":"https:\/\/westgem.shop\/fr\/wp-json\/wp\/v2\/region?post=2876"},{"taxonomy":"product_brand","embeddable":true,"href":"https:\/\/westgem.shop\/fr\/wp-json\/wp\/v2\/product_brand?post=2876"},{"taxonomy":"product_cat","embeddable":true,"href":"https:\/\/westgem.shop\/fr\/wp-json\/wp\/v2\/product_cat?post=2876"},{"taxonomy":"product_tag","embeddable":true,"href":"https:\/\/westgem.shop\/fr\/wp-json\/wp\/v2\/product_tag?post=2876"}],"curies":[{"name":"wp","href":"https:\/\/api.w.org\/{rel}","templated":true}]}}