{"id":2880,"date":"2002-04-21T00:00:00","date_gmt":"2002-04-21T00:00:00","guid":{"rendered":"https:\/\/miners.rocks\/product\/selenit-xx-und-halit-xx-top-stufe\/"},"modified":"2020-05-19T17:02:53","modified_gmt":"2020-05-19T17:02:53","slug":"selenite-xx-et-halite-xx-niveau-superieur","status":"publish","type":"product","link":"https:\/\/westgem.shop\/fr\/produit\/selenite-xx-et-halite-xx-niveau-superieur\/","title":{"rendered":"SELENIT xx et HALIT xx - Niveau sup\u00e9rieur"},"content":{"rendered":"<p>Ces marches de cristal, que l'on ne voit que rarement, proviennent de la plus grande mine de sel du P\u00e9rou.<\/p>\n<p>L'exploitation \u00e0 ciel ouvert se fait pr\u00e8s de la c\u00f4te, sur le Pacifique, mais \u00e0 40 m\u00e8tres en dessous du niveau de la mer.<\/p>\n<p>SELENIT xx (verre de Marien) et HALIT xx = SILC DE PIERRE de premi\u00e8re qualit\u00e9<\/p>\n<p>Les cristaux de SELENIT transparents et de couleur orange poss\u00e8dent les faces terminales typiques en \"queue d'aronde\".<\/p>\n<p>Poids de cette marche est : 750 g Dimensions : 18 x 10 x 8 cm<\/p>\n<p>SALAINAS DE PARACAS - PISCO - P\u00c9ROU<\/p>","protected":false},"excerpt":{"rendered":"<p>Ces niveaux de cristaux, rarement vus, proviennent de la plus grande mine de sel du P\u00e9rou. L'exploitation \u00e0 ciel ouvert se fait pr\u00e8s de la c\u00f4te, sur le Pacifique, mais \u00e0 40 m\u00e8tres en dessous du niveau de la mer. SELENIT xx (verre de Marien) et HALIT xx = SALON DE PIERRE de premi\u00e8re qualit\u00e9 Les cristaux de SELENIT transparents et de couleur orange poss\u00e8dent les faces terminales typiques en \"queue d'aronde\". Poids de cette marche est : 750 g Dimensions : 18 x 10 [...]<\/p>","protected":false},"featured_media":4824,"template":"","meta":{"_acf_changed":false},"region":[],"product_brand":[],"product_cat":[15],"product_tag":[],"class_list":{"0":"post-2880","1":"product","2":"type-product","3":"status-publish","4":"has-post-thumbnail","6":"product_cat-mineralien","8":"first","9":"outofstock","10":"sold-individually","11":"product-type-simple"},"acf":[],"_links":{"self":[{"href":"https:\/\/westgem.shop\/fr\/wp-json\/wp\/v2\/product\/2880","targetHints":{"allow":["GET"]}}],"collection":[{"href":"https:\/\/westgem.shop\/fr\/wp-json\/wp\/v2\/product"}],"about":[{"href":"https:\/\/westgem.shop\/fr\/wp-json\/wp\/v2\/types\/product"}],"wp:featuredmedia":[{"embeddable":true,"href":"https:\/\/westgem.shop\/fr\/wp-json\/wp\/v2\/media\/4824"}],"wp:attachment":[{"href":"https:\/\/westgem.shop\/fr\/wp-json\/wp\/v2\/media?parent=2880"}],"wp:term":[{"taxonomy":"region","embeddable":true,"href":"https:\/\/westgem.shop\/fr\/wp-json\/wp\/v2\/region?post=2880"},{"taxonomy":"product_brand","embeddable":true,"href":"https:\/\/westgem.shop\/fr\/wp-json\/wp\/v2\/product_brand?post=2880"},{"taxonomy":"product_cat","embeddable":true,"href":"https:\/\/westgem.shop\/fr\/wp-json\/wp\/v2\/product_cat?post=2880"},{"taxonomy":"product_tag","embeddable":true,"href":"https:\/\/westgem.shop\/fr\/wp-json\/wp\/v2\/product_tag?post=2880"}],"curies":[{"name":"wp","href":"https:\/\/api.w.org\/{rel}","templated":true}]}}