{"id":2881,"date":"2002-04-22T00:00:00","date_gmt":"2002-04-22T00:00:00","guid":{"rendered":"https:\/\/miners.rocks\/product\/selenit-xx-halit-xx-pisco-peru\/"},"modified":"2020-05-19T17:02:54","modified_gmt":"2020-05-19T17:02:54","slug":"selenite-xx-halite-xx-pisco-peru","status":"publish","type":"product","link":"https:\/\/westgem.shop\/fr\/produit\/selenite-xx-halite-xx-pisco-peru\/","title":{"rendered":"SELENIT xx &amp; HALIT xx - PISCO\/P\u00c9ROU"},"content":{"rendered":"<p>Description d\u00e9taill\u00e9e pr\u00e9cise pour AA164<\/p>\n<p>Cristal SELENIT avec surfaces d'extr\u00e9mit\u00e9 en \"queue d'aronde\" sur HALIT xx - SILENCE DE PIERRES<\/p>\n<p>SALINAS DE PARACAS - PISCO - P\u00c9ROU<\/p>\n<p>Poids : 260 g Dimensions : 11 x 8 x 7 cm<\/p>\n<p>L'image 3 est la face inf\u00e9rieure des marches<\/p>","protected":false},"excerpt":{"rendered":"<p>Description d\u00e9taill\u00e9e exacte chez AA164 Cristal de SELENIT avec des faces terminales en \"queue d'aronde\" sur HALIT xx - SALINAS DE PARACAS - PISCO - PERU Poids : 260 g Dimensions : 11 x 8 x 7 cm La photo 3 est la face inf\u00e9rieure des marches<\/p>","protected":false},"featured_media":4830,"template":"","meta":{"_acf_changed":false},"region":[],"product_brand":[],"product_cat":[15],"product_tag":[],"class_list":{"0":"post-2881","1":"product","2":"type-product","3":"status-publish","4":"has-post-thumbnail","6":"product_cat-mineralien","8":"first","9":"outofstock","10":"sold-individually","11":"product-type-simple"},"acf":[],"_links":{"self":[{"href":"https:\/\/westgem.shop\/fr\/wp-json\/wp\/v2\/product\/2881","targetHints":{"allow":["GET"]}}],"collection":[{"href":"https:\/\/westgem.shop\/fr\/wp-json\/wp\/v2\/product"}],"about":[{"href":"https:\/\/westgem.shop\/fr\/wp-json\/wp\/v2\/types\/product"}],"wp:featuredmedia":[{"embeddable":true,"href":"https:\/\/westgem.shop\/fr\/wp-json\/wp\/v2\/media\/4830"}],"wp:attachment":[{"href":"https:\/\/westgem.shop\/fr\/wp-json\/wp\/v2\/media?parent=2881"}],"wp:term":[{"taxonomy":"region","embeddable":true,"href":"https:\/\/westgem.shop\/fr\/wp-json\/wp\/v2\/region?post=2881"},{"taxonomy":"product_brand","embeddable":true,"href":"https:\/\/westgem.shop\/fr\/wp-json\/wp\/v2\/product_brand?post=2881"},{"taxonomy":"product_cat","embeddable":true,"href":"https:\/\/westgem.shop\/fr\/wp-json\/wp\/v2\/product_cat?post=2881"},{"taxonomy":"product_tag","embeddable":true,"href":"https:\/\/westgem.shop\/fr\/wp-json\/wp\/v2\/product_tag?post=2881"}],"curies":[{"name":"wp","href":"https:\/\/api.w.org\/{rel}","templated":true}]}}