{"id":2885,"date":"2002-04-26T00:00:00","date_gmt":"2002-04-26T00:00:00","guid":{"rendered":"https:\/\/miners.rocks\/product\/blauer-chalcedon-huettenberg\/"},"modified":"2020-05-19T17:02:56","modified_gmt":"2020-05-19T17:02:56","slug":"calcedoine-bleue-huettenberg","status":"publish","type":"product","link":"https:\/\/westgem.shop\/fr\/produit\/calcedoine-bleue-huettenberg\/","title":{"rendered":"CALC\u00c9DOINE BLEUE - H\u00dcTTENBERG"},"content":{"rendered":"<p>\n\tDe la c\u00e9l\u00e8bre mine H\u00dcTTENBERGER BERGBAU - le min\u00e9ral le plus connu, avec le minerai de fer, \u00e9tait le CHALCEDON BLEU.<\/p>\n<p>\n\tAujourd'hui encore, des d\u00e9cennies apr\u00e8s la fermeture de l'exploitation mini\u00e8re, des collectionneurs de min\u00e9raux continuent \u00e0 venir chez nous \u00e0 la recherche de ces m\u00eames CHALCEDON. Sur le march\u00e9 normal et m\u00eame dans les bourses r\u00e9gionales aux min\u00e9raux, on ne trouve pas de pi\u00e8ces \u00e0 peu pr\u00e8s utilisables.<\/p>\n<p>\n\tCette pi\u00e8ce avec une bonne couleur et un peu de SIDERIT xx provient de la semelle 58<\/p>\n<p>\n\tH\u00dcTTENBERG - CARINTHIE<\/p>\n<p>\n\tPoids : 0,9 kilogramme Dimensions : 17 x 10 x 7 cm<\/p>","protected":false},"excerpt":{"rendered":"<p>De la fameuse exploitation mini\u00e8re de H\u00dcTTENBERG - le min\u00e9ral le plus connu, \u00e0 c\u00f4t\u00e9 du minerai de fer, \u00e9tait le CHALCEDON BLEU. Aujourd'hui encore, des d\u00e9cennies apr\u00e8s la fermeture de l'exploitation mini\u00e8re, les collectionneurs de min\u00e9raux continuent de venir chez nous \u00e0 la recherche de ce m\u00eame CHALCEDON. Sur le march\u00e9 normal et m\u00eame dans les bourses r\u00e9gionales aux min\u00e9raux, on ne trouve pas de pi\u00e8ces \u00e0 peu pr\u00e8s utilisables. Cette pi\u00e8ce [...]<\/p>","protected":false},"featured_media":4842,"template":"","meta":{"_acf_changed":false},"region":[],"product_brand":[],"product_cat":[15],"product_tag":[],"class_list":{"0":"post-2885","1":"product","2":"type-product","3":"status-publish","4":"has-post-thumbnail","6":"product_cat-mineralien","8":"first","9":"outofstock","10":"sold-individually","11":"product-type-simple"},"acf":[],"_links":{"self":[{"href":"https:\/\/westgem.shop\/fr\/wp-json\/wp\/v2\/product\/2885","targetHints":{"allow":["GET"]}}],"collection":[{"href":"https:\/\/westgem.shop\/fr\/wp-json\/wp\/v2\/product"}],"about":[{"href":"https:\/\/westgem.shop\/fr\/wp-json\/wp\/v2\/types\/product"}],"wp:featuredmedia":[{"embeddable":true,"href":"https:\/\/westgem.shop\/fr\/wp-json\/wp\/v2\/media\/4842"}],"wp:attachment":[{"href":"https:\/\/westgem.shop\/fr\/wp-json\/wp\/v2\/media?parent=2885"}],"wp:term":[{"taxonomy":"region","embeddable":true,"href":"https:\/\/westgem.shop\/fr\/wp-json\/wp\/v2\/region?post=2885"},{"taxonomy":"product_brand","embeddable":true,"href":"https:\/\/westgem.shop\/fr\/wp-json\/wp\/v2\/product_brand?post=2885"},{"taxonomy":"product_cat","embeddable":true,"href":"https:\/\/westgem.shop\/fr\/wp-json\/wp\/v2\/product_cat?post=2885"},{"taxonomy":"product_tag","embeddable":true,"href":"https:\/\/westgem.shop\/fr\/wp-json\/wp\/v2\/product_tag?post=2885"}],"curies":[{"name":"wp","href":"https:\/\/api.w.org\/{rel}","templated":true}]}}