{"id":2886,"date":"2002-04-27T00:00:00","date_gmt":"2002-04-27T00:00:00","guid":{"rendered":"https:\/\/miners.rocks\/product\/hildegard-jaspis-roh-2\/"},"modified":"2020-05-19T17:02:56","modified_gmt":"2020-05-19T17:02:56","slug":"hildegard-jaspis-brut-2","status":"publish","type":"product","link":"https:\/\/westgem.shop\/fr\/produit\/hildegard-jaspis-brut-2\/","title":{"rendered":"\"HILDEGARD Jaspe\" - ROH"},"content":{"rendered":"<p>JASPIS multicolore avec des parts de CHALCEDON -ACHAT<\/p>\n<p>L'autre nom est JASPACHAT ou comme dans la litt\u00e9rature ESOTERIK comme soi-disant \"HILDEGARD Jaspis\", ainsi d\u00e9crit par la naturopathe Hildegard von Bingen soi-disant comme \"pierre de gu\u00e9rison\". Des JASPACHATES similaires sont \u00e9galement trouv\u00e9s dans la r\u00e9gion autour de Bingen sur le Rhin. Idar-Oberstein,r\u00e9gion du Hunsr\u00fcck,Sarre ...<\/p>\n<p>Nos pierres brutes proviennent d'une d\u00e9couverte faite il y a une dizaine d'ann\u00e9es en AFRIQUE DU NORD et en Tchad. TIDIKELT - ALG\u00c9RIE<\/p>\n<p>Poids : 600 g Dimensions : 15 x 6 x 6 cm<\/p>","protected":false},"excerpt":{"rendered":"<p>JASPIS Multicolore avec des parties de CHALCEDON-ACHAT Autre nom est JASPACHAT ou comme dans la litt\u00e9rature ESOTERIK comme soi-disant \"HILDEGARD Jaspis\", ainsi d\u00e9crit par la gu\u00e9risseuse naturelle Hildegard von Bingen soi-disant comme \"pierre de gu\u00e9rison\". Des JASPACHATES similaires sont \u00e9galement trouv\u00e9s dans la r\u00e9gion autour de Bingen am Rhein. Idar-Oberstein, r\u00e9gion du Hunsr\u00fcck, Sarre ... Nos pierres brutes proviennent d'une d\u00e9couverte faite il y a environ [...].<\/p>","protected":false},"featured_media":4847,"template":"","meta":{"_acf_changed":false},"region":[],"product_brand":[],"product_cat":[15],"product_tag":[],"class_list":{"0":"post-2886","1":"product","2":"type-product","3":"status-publish","4":"has-post-thumbnail","6":"product_cat-mineralien","8":"first","9":"outofstock","10":"sold-individually","11":"product-type-simple"},"acf":[],"_links":{"self":[{"href":"https:\/\/westgem.shop\/fr\/wp-json\/wp\/v2\/product\/2886","targetHints":{"allow":["GET"]}}],"collection":[{"href":"https:\/\/westgem.shop\/fr\/wp-json\/wp\/v2\/product"}],"about":[{"href":"https:\/\/westgem.shop\/fr\/wp-json\/wp\/v2\/types\/product"}],"wp:featuredmedia":[{"embeddable":true,"href":"https:\/\/westgem.shop\/fr\/wp-json\/wp\/v2\/media\/4847"}],"wp:attachment":[{"href":"https:\/\/westgem.shop\/fr\/wp-json\/wp\/v2\/media?parent=2886"}],"wp:term":[{"taxonomy":"region","embeddable":true,"href":"https:\/\/westgem.shop\/fr\/wp-json\/wp\/v2\/region?post=2886"},{"taxonomy":"product_brand","embeddable":true,"href":"https:\/\/westgem.shop\/fr\/wp-json\/wp\/v2\/product_brand?post=2886"},{"taxonomy":"product_cat","embeddable":true,"href":"https:\/\/westgem.shop\/fr\/wp-json\/wp\/v2\/product_cat?post=2886"},{"taxonomy":"product_tag","embeddable":true,"href":"https:\/\/westgem.shop\/fr\/wp-json\/wp\/v2\/product_tag?post=2886"}],"curies":[{"name":"wp","href":"https:\/\/api.w.org\/{rel}","templated":true}]}}