{"id":2887,"date":"2002-04-28T00:00:00","date_gmt":"2002-04-28T00:00:00","guid":{"rendered":"https:\/\/miners.rocks\/product\/jaspachat-rohstein\/"},"modified":"2020-05-19T17:02:57","modified_gmt":"2020-05-19T17:02:57","slug":"pierre-brute-de-jaspachat","status":"publish","type":"product","link":"https:\/\/westgem.shop\/fr\/produit\/pierre-brute-de-jaspachat\/","title":{"rendered":"Pierre brute de JASPACHAT"},"content":{"rendered":"<p>Jaspe multicolore avec des parts d'ACHAT.<\/p>\n<p>Cette vari\u00e9t\u00e9 de jaspe est \u00e9galement appel\u00e9e \"jaspe HILDEGARD\". En r\u00e9f\u00e9rence \u00e0 la naturopathe Hildegard von Bingen.<\/p>\n<p>Ces pierres brutes ont \u00e9t\u00e9 trouv\u00e9es il y a environ 10 ans \u00e0 TIDIKELT en ALG\u00c9RIE.<\/p>\n<p>AFRIQUE DU NORD<\/p>\n<p>Poids : 610 g Dim. 12 x 9 x 4 cm<\/p>","protected":false},"excerpt":{"rendered":"<p>Jaspe multicolore avec des parties ACHAT. Cette vari\u00e9t\u00e9 de jaspe est \u00e9galement appel\u00e9e \"jaspe HILDEGARD\". En r\u00e9f\u00e9rence \u00e0 la naturopathe Hildegard von Bingen. Le lieu de d\u00e9couverte de ces pierres brutes \u00e9tait il y a environ 10 ans TIDIKELT en ALG\u00c9RIE AFRIQUE DU NORD Poids : 610 g Dim. 12 x 9 x 4 cm<\/p>","protected":false},"featured_media":4851,"template":"","meta":{"_acf_changed":false},"region":[],"product_brand":[],"product_cat":[15],"product_tag":[],"class_list":{"0":"post-2887","1":"product","2":"type-product","3":"status-publish","4":"has-post-thumbnail","6":"product_cat-mineralien","8":"first","9":"outofstock","10":"sold-individually","11":"product-type-simple"},"acf":[],"_links":{"self":[{"href":"https:\/\/westgem.shop\/fr\/wp-json\/wp\/v2\/product\/2887","targetHints":{"allow":["GET"]}}],"collection":[{"href":"https:\/\/westgem.shop\/fr\/wp-json\/wp\/v2\/product"}],"about":[{"href":"https:\/\/westgem.shop\/fr\/wp-json\/wp\/v2\/types\/product"}],"wp:featuredmedia":[{"embeddable":true,"href":"https:\/\/westgem.shop\/fr\/wp-json\/wp\/v2\/media\/4851"}],"wp:attachment":[{"href":"https:\/\/westgem.shop\/fr\/wp-json\/wp\/v2\/media?parent=2887"}],"wp:term":[{"taxonomy":"region","embeddable":true,"href":"https:\/\/westgem.shop\/fr\/wp-json\/wp\/v2\/region?post=2887"},{"taxonomy":"product_brand","embeddable":true,"href":"https:\/\/westgem.shop\/fr\/wp-json\/wp\/v2\/product_brand?post=2887"},{"taxonomy":"product_cat","embeddable":true,"href":"https:\/\/westgem.shop\/fr\/wp-json\/wp\/v2\/product_cat?post=2887"},{"taxonomy":"product_tag","embeddable":true,"href":"https:\/\/westgem.shop\/fr\/wp-json\/wp\/v2\/product_tag?post=2887"}],"curies":[{"name":"wp","href":"https:\/\/api.w.org\/{rel}","templated":true}]}}