{"id":2888,"date":"2002-04-29T00:00:00","date_gmt":"2002-04-29T00:00:00","guid":{"rendered":"https:\/\/miners.rocks\/product\/australien-boulder-opal-2\/"},"modified":"2020-05-19T17:02:58","modified_gmt":"2020-05-19T17:02:58","slug":"australie-boulder-opal-2","status":"publish","type":"product","link":"https:\/\/westgem.shop\/fr\/produit\/australie-boulder-opal-2\/","title":{"rendered":"Australie BOULDER OPAL"},"content":{"rendered":"<p>EDELOPAL AUSTRALIEN - BOULDER<\/p>\n<p>Pierre brute - face inf\u00e9rieure face coup\u00e9e<\/p>\n<p>Tr\u00e8s belles couleurs OPAL avec, selon l'incidence de la lumi\u00e8re, des SPOTS dor\u00e9s .<\/p>\n<p>QUILPIE OPAL FIELDS - QUEENSLAND - Australie<\/p>\n<p>Poids : 65 g Dimensions : 8 x 4 x 1,5 cm<\/p>","protected":false},"excerpt":{"rendered":"<p>EDELOPAL AUSTRALIEN - BOULDER Pierre brute - face inf\u00e9rieure de coupe Tr\u00e8s belles couleurs d'OPAL avec, selon l'incidence de la lumi\u00e8re, des SPOTS dor\u00e9s . QUILPIE OPAL FIELDS - QUEENSLAND - Australie Poids : 65 g Dimensions : 8 x 4 x 1,5 cm<\/p>","protected":false},"featured_media":4856,"template":"","meta":{"_acf_changed":false},"region":[],"product_brand":[],"product_cat":[15],"product_tag":[],"class_list":{"0":"post-2888","1":"product","2":"type-product","3":"status-publish","4":"has-post-thumbnail","6":"product_cat-mineralien","8":"first","9":"outofstock","10":"sold-individually","11":"product-type-simple"},"acf":[],"_links":{"self":[{"href":"https:\/\/westgem.shop\/fr\/wp-json\/wp\/v2\/product\/2888","targetHints":{"allow":["GET"]}}],"collection":[{"href":"https:\/\/westgem.shop\/fr\/wp-json\/wp\/v2\/product"}],"about":[{"href":"https:\/\/westgem.shop\/fr\/wp-json\/wp\/v2\/types\/product"}],"wp:featuredmedia":[{"embeddable":true,"href":"https:\/\/westgem.shop\/fr\/wp-json\/wp\/v2\/media\/4856"}],"wp:attachment":[{"href":"https:\/\/westgem.shop\/fr\/wp-json\/wp\/v2\/media?parent=2888"}],"wp:term":[{"taxonomy":"region","embeddable":true,"href":"https:\/\/westgem.shop\/fr\/wp-json\/wp\/v2\/region?post=2888"},{"taxonomy":"product_brand","embeddable":true,"href":"https:\/\/westgem.shop\/fr\/wp-json\/wp\/v2\/product_brand?post=2888"},{"taxonomy":"product_cat","embeddable":true,"href":"https:\/\/westgem.shop\/fr\/wp-json\/wp\/v2\/product_cat?post=2888"},{"taxonomy":"product_tag","embeddable":true,"href":"https:\/\/westgem.shop\/fr\/wp-json\/wp\/v2\/product_tag?post=2888"}],"curies":[{"name":"wp","href":"https:\/\/api.w.org\/{rel}","templated":true}]}}