{"id":2891,"date":"2002-05-02T00:00:00","date_gmt":"2002-05-02T00:00:00","guid":{"rendered":"https:\/\/miners.rocks\/product\/wulfenit-xx-misice-slowenien\/"},"modified":"2020-05-19T17:03:00","modified_gmt":"2020-05-19T17:03:00","slug":"wulfenit-xx-misice-slovenie","status":"publish","type":"product","link":"https:\/\/westgem.shop\/fr\/produit\/wulfenit-xx-misice-slovenie\/","title":{"rendered":"WULFENIT xx - MISICE - SLOV\u00c9NIE"},"content":{"rendered":"<p>Du c\u00f4t\u00e9 slov\u00e8ne des KARAWANKEN (une cha\u00eene de montagnes \u00e0 la fronti\u00e8re sud de la Carinthie avec la SLOV\u00c9NIE), il y avait une exploitation mini\u00e8re de BLEI et de ZINC, comme dans le BLEIBERG de Carinthie, o\u00f9 l'on trouvait aussi presque les m\u00eames min\u00e9raux, entre autres de la WULFENITE.<\/p>\n<p>Cette marche WULFENIT p\u00e8se 530 g et mesure 11 x 9 x 6 cm.<\/p>\n<p>localisation de la trouvaille : MIS (MISICE) - SLOVENIE<\/p>\n<p>La photo 3 est l'envers du d\u00e9cor - des cristaux WULFENIT tout autour de la marche<\/p>","protected":false},"excerpt":{"rendered":"<p>Sur le versant slov\u00e8ne des KARAWANKEN (une cha\u00eene de montagnes \u00e0 la fronti\u00e8re sud de la Carinthie avec la SLOVENIE), il y avait une exploitation mini\u00e8re de BLEI et de ZINK, comme dans le BLEIBERG en Carinthie, o\u00f9 l'on trouvait presque les m\u00eames min\u00e9raux, entre autres de la WULFENITE. Ce niveau de WULFENITE p\u00e8se 530 g et mesure 11 x 9 x 6 cm. Lieu de d\u00e9couverte : [...].<\/p>","protected":false},"featured_media":4865,"template":"","meta":{"_acf_changed":false},"region":[],"product_brand":[],"product_cat":[15],"product_tag":[],"class_list":{"0":"post-2891","1":"product","2":"type-product","3":"status-publish","4":"has-post-thumbnail","6":"product_cat-mineralien","8":"first","9":"outofstock","10":"sold-individually","11":"product-type-simple"},"acf":[],"_links":{"self":[{"href":"https:\/\/westgem.shop\/fr\/wp-json\/wp\/v2\/product\/2891","targetHints":{"allow":["GET"]}}],"collection":[{"href":"https:\/\/westgem.shop\/fr\/wp-json\/wp\/v2\/product"}],"about":[{"href":"https:\/\/westgem.shop\/fr\/wp-json\/wp\/v2\/types\/product"}],"wp:featuredmedia":[{"embeddable":true,"href":"https:\/\/westgem.shop\/fr\/wp-json\/wp\/v2\/media\/4865"}],"wp:attachment":[{"href":"https:\/\/westgem.shop\/fr\/wp-json\/wp\/v2\/media?parent=2891"}],"wp:term":[{"taxonomy":"region","embeddable":true,"href":"https:\/\/westgem.shop\/fr\/wp-json\/wp\/v2\/region?post=2891"},{"taxonomy":"product_brand","embeddable":true,"href":"https:\/\/westgem.shop\/fr\/wp-json\/wp\/v2\/product_brand?post=2891"},{"taxonomy":"product_cat","embeddable":true,"href":"https:\/\/westgem.shop\/fr\/wp-json\/wp\/v2\/product_cat?post=2891"},{"taxonomy":"product_tag","embeddable":true,"href":"https:\/\/westgem.shop\/fr\/wp-json\/wp\/v2\/product_tag?post=2891"}],"curies":[{"name":"wp","href":"https:\/\/api.w.org\/{rel}","templated":true}]}}