{"id":2892,"date":"2002-05-03T00:00:00","date_gmt":"2002-05-03T00:00:00","guid":{"rendered":"https:\/\/miners.rocks\/product\/lapislazuli-aa-afghanistan\/"},"modified":"2020-05-19T17:03:01","modified_gmt":"2020-05-19T17:03:01","slug":"lapis-lazuli-aa-afghanistan","status":"publish","type":"product","link":"https:\/\/westgem.shop\/fr\/produit\/lapis-lazuli-aa-afghanistan\/","title":{"rendered":"LAPIS-LAZULI AA - AFGHANISTAN"},"content":{"rendered":"<p>\n\tPendentif collier extravagant - PI\u00c8CE UNIQUE<\/p>\n<p>\n\tQualit\u00e9 LAPISLAZULI AA - couleur de premi\u00e8re qualit\u00e9 avec de nombreuses parties PYRITE dor\u00e9es.<\/p>\n<p>\n\tPI\u00c8CE UNIQUE taill\u00e9e \u00e0 la main - FREEFORM <\/p>\n<p>\n\t\u0152illet de pendentif 925 ARGENT - 14 carats dor\u00e9 \u00e0 l'or fin.<\/p>\n<p>\n\tNous livrons dans une bo\u00eete cadeau avec certificat d'authenticit\u00e9 et description de la pierre.<\/p>\n<p>\n\tlocalisation de la trouvaille : Sar e Sang - Madaan - AFGHANISTAN<\/p>\n<p>\n\tLe collier visible sur la photo n'est PAS inclus dans la livraison.<\/p>\n<p>\n\tPoids : 12 g Dimensions:Longueur = 5,5 cm Largeur jusqu'\u00e0 1,7 cm<\/p>","protected":false},"excerpt":{"rendered":"<p>Pendentif extravagant - PI\u00c8CE UNIQUE LAPISLAZULI qualit\u00e9 AA - couleur de premi\u00e8re qualit\u00e9 avec beaucoup de PYRITES brillantes en or. PI\u00c8CE UNIQUE taill\u00e9e \u00e0 la main - FREEFORM OEIL PENDANT ARGENT 925 - 14 carats dor\u00e9 \u00e0 l'or fin. Livr\u00e9 dans une bo\u00eete cadeau avec certificat d'authenticit\u00e9 et description de la pierre Lieu de d\u00e9couverte de la mati\u00e8re premi\u00e8re : Sar e Sang - Madaan - AFGHANISTAN Le collier visible sur l'image n'est PAS livr\u00e9 [...].<\/p>","protected":false},"featured_media":4868,"template":"","meta":{"_acf_changed":false},"region":[],"product_brand":[],"product_cat":[15],"product_tag":[],"class_list":{"0":"post-2892","1":"product","2":"type-product","3":"status-publish","4":"has-post-thumbnail","6":"product_cat-mineralien","8":"first","9":"outofstock","10":"sold-individually","11":"product-type-simple"},"acf":[],"_links":{"self":[{"href":"https:\/\/westgem.shop\/fr\/wp-json\/wp\/v2\/product\/2892","targetHints":{"allow":["GET"]}}],"collection":[{"href":"https:\/\/westgem.shop\/fr\/wp-json\/wp\/v2\/product"}],"about":[{"href":"https:\/\/westgem.shop\/fr\/wp-json\/wp\/v2\/types\/product"}],"wp:featuredmedia":[{"embeddable":true,"href":"https:\/\/westgem.shop\/fr\/wp-json\/wp\/v2\/media\/4868"}],"wp:attachment":[{"href":"https:\/\/westgem.shop\/fr\/wp-json\/wp\/v2\/media?parent=2892"}],"wp:term":[{"taxonomy":"region","embeddable":true,"href":"https:\/\/westgem.shop\/fr\/wp-json\/wp\/v2\/region?post=2892"},{"taxonomy":"product_brand","embeddable":true,"href":"https:\/\/westgem.shop\/fr\/wp-json\/wp\/v2\/product_brand?post=2892"},{"taxonomy":"product_cat","embeddable":true,"href":"https:\/\/westgem.shop\/fr\/wp-json\/wp\/v2\/product_cat?post=2892"},{"taxonomy":"product_tag","embeddable":true,"href":"https:\/\/westgem.shop\/fr\/wp-json\/wp\/v2\/product_tag?post=2892"}],"curies":[{"name":"wp","href":"https:\/\/api.w.org\/{rel}","templated":true}]}}