{"id":2893,"date":"2002-05-04T00:00:00","date_gmt":"2002-05-04T00:00:00","guid":{"rendered":"https:\/\/miners.rocks\/product\/labradorit-aa-madagaskar\/"},"modified":"2020-05-19T17:03:01","modified_gmt":"2020-05-19T17:03:01","slug":"labradorite-aa-madagascar","status":"publish","type":"product","link":"https:\/\/westgem.shop\/fr\/produit\/labradorite-aa-madagascar\/","title":{"rendered":"LABRADORIT AA - Madagascar"},"content":{"rendered":"<p>Grande pierre DEKO avec d'excellentes couleurs d'interf\u00e9rence, selon l'incidence de la lumi\u00e8re<\/p>\n<p>On TOP poli - C\u00f4t\u00e9s et dos bruts NATURELS<\/p>\n<p>Lieu de d\u00e9couverte de la mati\u00e8re premi\u00e8re - Ampandrandrava - Bekily - Madagascar<\/p>\n<p>Poids : 1,4 kilogramme Dimensions : 13 x 9 x 7 cm<\/p>\n<p>Les deux derni\u00e8res photos montrent le verso ROHE, selon la lumi\u00e8re \u00e9galement avec de tr\u00e8s bonnes couleurs, malheureusement pas tr\u00e8s bien visibles sur les photos.<\/p>\n<p>PRIX SPECIAL !<\/p>","protected":false},"excerpt":{"rendered":"<p>Grande pierre DECO avec d'excellentes couleurs d'interf\u00e9rence, selon la lumi\u00e8re On TOP Polie - C\u00f4t\u00e9s et dos bruts NATURE Lieu de d\u00e9couverte de la mati\u00e8re premi\u00e8re - Ampandrandrava - Bekily - Madagascar Poids : 1,4 kilogrammes Dimensions : 13 x 9 x 7 cm Les deux derni\u00e8res photos montrent le dos BRUT, selon la lumi\u00e8re \u00e9galement avec de tr\u00e8s bonnes couleurs, sur [...]<\/p>","protected":false},"featured_media":4871,"template":"","meta":{"_acf_changed":false},"region":[],"product_brand":[],"product_cat":[15],"product_tag":[],"class_list":{"0":"post-2893","1":"product","2":"type-product","3":"status-publish","4":"has-post-thumbnail","6":"product_cat-mineralien","8":"first","9":"outofstock","10":"sold-individually","11":"product-type-simple"},"acf":[],"_links":{"self":[{"href":"https:\/\/westgem.shop\/fr\/wp-json\/wp\/v2\/product\/2893","targetHints":{"allow":["GET"]}}],"collection":[{"href":"https:\/\/westgem.shop\/fr\/wp-json\/wp\/v2\/product"}],"about":[{"href":"https:\/\/westgem.shop\/fr\/wp-json\/wp\/v2\/types\/product"}],"wp:featuredmedia":[{"embeddable":true,"href":"https:\/\/westgem.shop\/fr\/wp-json\/wp\/v2\/media\/4871"}],"wp:attachment":[{"href":"https:\/\/westgem.shop\/fr\/wp-json\/wp\/v2\/media?parent=2893"}],"wp:term":[{"taxonomy":"region","embeddable":true,"href":"https:\/\/westgem.shop\/fr\/wp-json\/wp\/v2\/region?post=2893"},{"taxonomy":"product_brand","embeddable":true,"href":"https:\/\/westgem.shop\/fr\/wp-json\/wp\/v2\/product_brand?post=2893"},{"taxonomy":"product_cat","embeddable":true,"href":"https:\/\/westgem.shop\/fr\/wp-json\/wp\/v2\/product_cat?post=2893"},{"taxonomy":"product_tag","embeddable":true,"href":"https:\/\/westgem.shop\/fr\/wp-json\/wp\/v2\/product_tag?post=2893"}],"curies":[{"name":"wp","href":"https:\/\/api.w.org\/{rel}","templated":true}]}}